{"id":3999,"date":"2026-02-27T12:19:09","date_gmt":"2026-02-27T12:19:09","guid":{"rendered":"https:\/\/www.careers.premgroup.com\/?page_id=3999"},"modified":"2026-02-27T12:28:48","modified_gmt":"2026-02-27T12:28:48","slug":"toegankelijkheidsverklaring","status":"publish","type":"page","link":"https:\/\/www.careers.premgroup.com\/nl\/accessibility-statement","title":{"rendered":"Toegankelijkheidsverklaring"},"content":{"rendered":"<div data-elementor-type=\"wp-page\" data-elementor-id=\"3999\" class=\"elementor elementor-3999\" data-elementor-post-type=\"page\">\n\t\t\t\t<div class=\"elementor-element elementor-element-6c20bc4a e-con-full e-flex e-con e-parent\" data-id=\"6c20bc4a\" data-element_type=\"container\" data-e-type=\"container\">\n\t\t<div class=\"elementor-element elementor-element-a4770dc e-con-full e-flex e-con e-child\" data-id=\"a4770dc\" data-element_type=\"container\" data-e-type=\"container\" data-settings=\"{&quot;background_background&quot;:&quot;classic&quot;}\">\n\t\t\t\t<div class=\"elementor-element elementor-element-18b3f1fc elementor-widget elementor-widget-heading\" data-id=\"18b3f1fc\" data-element_type=\"widget\" data-e-type=\"widget\" data-widget_type=\"heading.default\">\n\t\t\t\t<div class=\"elementor-widget-container\">\n\t\t\t\t\t<div class=\"elementor-heading-title elementor-size-default\">Toegankelijkheidsverklaring<\/div>\t\t\t\t<\/div>\n\t\t\t\t<\/div>\n\t\t\t\t<\/div>\n\t\t\t\t<\/div>\n\t\t<div class=\"elementor-element elementor-element-55a1c10d e-con-full e-flex e-con e-parent\" data-id=\"55a1c10d\" data-element_type=\"container\" data-e-type=\"container\">\n\t\t\t\t<div class=\"elementor-element elementor-element-2983f914 elementor-widget elementor-widget-text-editor\" data-id=\"2983f914\" data-element_type=\"widget\" data-e-type=\"widget\" data-widget_type=\"text-editor.default\">\n\t\t\t\t<div class=\"elementor-widget-container\">\n\t\t\t\t\t\t\t\t\t<p>Bij PREM Group zetten we ons in voor digitale toegankelijkheid voor alle gebruikers, inclusief mensen met een handicap. We streven ernaar de gebruikerservaring voor iedereen voortdurend te verbeteren en passen relevante toegankelijkheidsnormen toe om dit doel te bereiken.<\/p><p>Ons doel is om waar mogelijk te voldoen aan de Web Content Accessibility Guidelines (WCAG) 2.1 Level AA en om doorlopend verbeteringen aan te brengen op basis van feedback van gebruikers en zich ontwikkelende best practices. We testen onze website regelmatig met behulp van geautomatiseerde tools en handmatige controles om ervoor te zorgen dat de inhoud duidelijk en navigeerbaar is.<\/p><h2>Toegankelijkheidsbeoordeling Aanpak<\/h2><p>We hanteren een gemengde en goed ge\u00efnformeerde aanpak voor het beoordelen van toegankelijkheid. Ons werk wordt ondersteund door samenwerking met gespecialiseerde toegankelijkheidsadviseurs en door deelname aan relevante trainings- en voorlichtingsinitiatieven. Dit wordt aangevuld met interne handmatige beoordelingen en het gebruik van geautomatiseerde testtools, waardoor een grondige en betrouwbare evaluatie van de toegankelijkheid van de website wordt gewaarborgd. De beoordelingen zijn uitgevoerd met behulp van een reeks methoden en tools, waaronder browsergebaseerde tests, schermlezertests, handmatige controles en navigatietests die alleen op het toetsenbord zijn uitgevoerd.<\/p><p>Ons doel is om waar mogelijk te voldoen aan de Web Content Accessibility Guidelines (WCAG) 2.1 Level AA en om doorlopend verbeteringen aan te brengen op basis van feedback van gebruikers en zich ontwikkelende best practices. We testen onze website regelmatig met behulp van geautomatiseerde tools en handmatige controles om ervoor te zorgen dat de inhoud duidelijk en navigeerbaar is.<\/p><h2>Compatibiliteit met browsers en technologie\u00ebn<\/h2><p>Onze website is ontworpen om compatibel te zijn met de nieuwste versies van veelgebruikte browsers, waaronder Google Chrome, Mozilla Firefox, Microsoft Edge en Safari.<\/p><p>We streven ernaar om toegankelijkheidsfuncties op desktop- en mobiele apparaten te ondersteunen en compatibiliteit met veelgebruikte ondersteunende technologie\u00ebn te garanderen, zoals schermlezers en schermvergrotingssoftware.<\/p><p>Voor de beste ervaring raden we je aan de meest recente versie van je browser en besturingssysteem te gebruiken. Oudere browsers of technologie\u00ebn ondersteunen mogelijk niet alle toegankelijkheidsfuncties van onze website.<\/p><p>Ons doel is om waar mogelijk te voldoen aan de Web Content Accessibility Guidelines (WCAG) 2.1 Level AA en om doorlopend verbeteringen aan te brengen op basis van feedback van gebruikers en zich ontwikkelende best practices. We testen onze website regelmatig met behulp van geautomatiseerde tools en handmatige controles om ervoor te zorgen dat de inhoud duidelijk en navigeerbaar is.<\/p><h2>Conformiteitsstatus<\/h2><p>Wanneer we informatie op deze website publiceren, proberen we om<\/p><p>Gebruik gewoon Engels (behalve voor academische of wetenschappelijke woorden waarvoor geen alternatief bestaat)<br \/>Structureer inhoud goed<br \/>Acroniemen uitleggen<br \/>Gebruik korte zinnen<br \/>Schrijf een goede linktekst<br \/>Afbeeldingen en video's toegankelijk maken<br \/>Ervoor zorgen dat nieuwe functies werken op ondersteunende technologie\u00ebn<br \/>Hoewel we streven naar volledige toegankelijkheid, voldoen sommige delen van de website mogelijk nog niet aan de vereiste normen. Daarom voldoet deze website gedeeltelijk aan WCAG 2.1 Niveau AA, vanwege de niet-conformiteit en de hieronder vermelde uitzonderingen.<\/p><h2>Toegankelijkheid PDF<\/h2><p>Sommige PDF-documenten op onze website voldoen mogelijk niet volledig aan de toegankelijkheidsnormen. Veel voorkomende problemen zijn ontbrekende tekstalternatieven, onjuiste leesvolgorde of het ontbreken van tagging die effectief gebruik met schermlezers verhindert. We erkennen dat PDF's aanzienlijke barri\u00e8res kunnen opwerpen voor gebruikers die afhankelijk zijn van ondersteunende technologie\u00ebn en werken aan het verbeteren van deze documenten door essenti\u00eble inhoud te converteren naar toegankelijke webpagina's of door op verzoek alternatieve formaten aan te bieden. Als je hulp nodig hebt bij het openen van een document, neem dan contact met ons op en we helpen je graag verder.<\/p><h2>Koppelingen en knoppen voor oproepen tot actie<\/h2><p>We erkennen dat sommige van onze call-to-action-knoppen, zoals \u2018Klik hier\u2019 of \u2018Lees meer\u2019, mogelijk nog niet genoeg context bieden voor gebruikers van schermlezers of gebruikers die zonder muis navigeren. We zijn deze momenteel aan het herzien en bijwerken om ervoor te zorgen dat ze beschrijvender en toegankelijker zijn voor alle gebruikers.<\/p><h2>Galerij Toegankelijkheidsbeperking<\/h2><p>We erkennen dat de fotogalerijen op onze website momenteel niet voldoen aan de volledige toegankelijkheidsnormen, met name voor gebruikers die afhankelijk zijn van schermlezers of toetsenbordnavigatie. Deze beperking is te wijten aan beperkingen binnen de Elementor page builder, die nog geen volledig toegankelijke galerijfunctionaliteit ondersteunt. We houden updates van Elementor actief in de gaten en onderzoeken alternatieve oplossingen om de toegankelijkheid van onze visuele inhoud te verbeteren.<\/p><h2>Toegankelijkheid van video<\/h2><p>We zijn ons ervan bewust dat sommige video's op onze website met gesproken dialoog of muziek nog geen bijschriften of transcripties hebben. We begrijpen hoe belangrijk het is om video-inhoud toegankelijk te maken voor alle gebruikers, inclusief doven en slechthorenden, en we werken er actief aan om alle relevante media van bijschriften te voorzien.<\/p><h2>Software van derden en toegankelijkheid<\/h2><p>Onze website kan gebruik maken van hulpmiddelen en diensten van derden om de functionaliteit te verbeteren, de gebruikerservaring te verbeteren en bepaalde functies te ondersteunen. Hoewel we ernaar streven providers te kiezen die voldoen aan de best practices op het gebied van toegankelijkheid, erkennen we dat sommige van deze tools van derden mogelijk niet volledig voldoen aan de toegankelijkheidsrichtlijnen. Dit kan invloed hebben op hoe goed ze functioneren voor gebruikers van schermlezers, toetsenbordnavigatie of andere ondersteunende technologie\u00ebn.<\/p><h2>Feedback en contactgegevens<\/h2><p>Als je problemen ondervindt bij het openen van de inhoud, als je toegankelijkheidsproblemen opmerkt of als je informatie in een andere indeling nodig hebt, laat het ons dan weten. U kunt contact met ons opnemen via de onderstaande methoden. We proberen binnen 5 werkdagen contact met je op te nemen.<\/p><p>E-mailadres: careers@premgroup.com<br \/>Telefoonnummer: +353 1 639 1111<br \/>Postadres: 12 Lower Hatch Street, Dublin 2\u00a0<\/p><h2>Verklaring en geschiedenis<\/h2><p>Deze verklaring is opgesteld op 27 juni 2025. We zetten ons in voor de voortdurende verbetering van onze website en zullen de toegankelijkheidsfuncties regelmatig blijven testen, verfijnen en upgraden.<\/p><p>Een toegankelijkheidsprobleem escaleren?<br \/>We zijn altijd bezig om de toegankelijkheid van onze website te verbeteren en zullen ons best doen om eventuele problemen op te lossen. Als je om wat voor reden dan ook het gevoel hebt dat je probleem niet volledig is opgelost, kun je contact opnemen met de Competition and Consumer Protection Commission (CCPC).<\/p><p>Contactgegevens CCPC:<br \/>Tel: +353 (0)1 402 5500<br \/>Website: www.ccpc.ie<\/p>\t\t\t\t\t\t\t\t<\/div>\n\t\t\t\t<\/div>\n\t\t\t\t<\/div>\n\t\t\t\t<\/div>","protected":false},"excerpt":{"rendered":"<p>At PREM Group we are committed to ensuring digital accessibility for all users, including people with disabilities. We strive to continuously improve the user experience for everyone and apply relevant accessibility standards to achieve this goal. Our aim is to comply with the Web Content Accessibility Guidelines (WCAG) 2.1 Level AA wherever feasible, and to [&hellip;]<\/p>\n","protected":false},"author":28,"featured_media":0,"parent":0,"menu_order":0,"comment_status":"closed","ping_status":"closed","template":"","meta":{"_acf_changed":false,"footnotes":""},"class_list":["post-3999","page","type-page","status-publish","hentry"],"acf":[],"yoast_head":"<!-- This site is optimized with the Yoast SEO plugin v27.4 - https:\/\/yoast.com\/product\/yoast-seo-wordpress\/ -->\n<title>Accessibility Statement - Careers at PREM Group<\/title>\n<meta name=\"robots\" content=\"index, follow, max-snippet:-1, max-image-preview:large, max-video-preview:-1\" \/>\n<link rel=\"canonical\" href=\"https:\/\/www.careers.premgroup.com\/nl\/toegankelijkheidsverklaring\/\" \/>\n<meta property=\"og:locale\" content=\"nl_BE\" \/>\n<meta property=\"og:type\" content=\"article\" \/>\n<meta property=\"og:title\" content=\"Accessibility Statement - Careers at PREM Group\" \/>\n<meta property=\"og:description\" content=\"At PREM Group we are committed to ensuring digital accessibility for all users, including people with disabilities. We strive to continuously improve the user experience for everyone and apply relevant accessibility standards to achieve this goal. Our aim is to comply with the Web Content Accessibility Guidelines (WCAG) 2.1 Level AA wherever feasible, and to [&hellip;]\" \/>\n<meta property=\"og:url\" content=\"https:\/\/www.careers.premgroup.com\/nl\/toegankelijkheidsverklaring\/\" \/>\n<meta property=\"og:site_name\" content=\"Careers at PREM Group\" \/>\n<meta property=\"article:modified_time\" content=\"2026-02-27T12:28:48+00:00\" \/>\n<meta name=\"twitter:card\" content=\"summary_large_image\" \/>\n<meta name=\"twitter:label1\" content=\"Geschatte leestijd\" \/>\n\t<meta name=\"twitter:data1\" content=\"5 minuten\" \/>\n<script type=\"application\/ld+json\" class=\"yoast-schema-graph\">{\"@context\":\"https:\\\/\\\/schema.org\",\"@graph\":[{\"@type\":\"WebPage\",\"@id\":\"https:\\\/\\\/www.careers.premgroup.com\\\/accessibility-statement\",\"url\":\"https:\\\/\\\/www.careers.premgroup.com\\\/accessibility-statement\",\"name\":\"Accessibility Statement - Careers at PREM Group\",\"isPartOf\":{\"@id\":\"https:\\\/\\\/www.careers.premgroup.com\\\/#website\"},\"datePublished\":\"2026-02-27T12:19:09+00:00\",\"dateModified\":\"2026-02-27T12:28:48+00:00\",\"breadcrumb\":{\"@id\":\"https:\\\/\\\/www.careers.premgroup.com\\\/accessibility-statement#breadcrumb\"},\"inLanguage\":\"nl-BE\",\"potentialAction\":[{\"@type\":\"ReadAction\",\"target\":[\"https:\\\/\\\/www.careers.premgroup.com\\\/accessibility-statement\"]}]},{\"@type\":\"BreadcrumbList\",\"@id\":\"https:\\\/\\\/www.careers.premgroup.com\\\/accessibility-statement#breadcrumb\",\"itemListElement\":[{\"@type\":\"ListItem\",\"position\":1,\"name\":\"Home\",\"item\":\"https:\\\/\\\/www.careers.premgroup.com\\\/\"},{\"@type\":\"ListItem\",\"position\":2,\"name\":\"Accessibility Statement\"}]},{\"@type\":\"WebSite\",\"@id\":\"https:\\\/\\\/www.careers.premgroup.com\\\/#website\",\"url\":\"https:\\\/\\\/www.careers.premgroup.com\\\/\",\"name\":\"Careers at PREM Group\",\"description\":\"Progress with PREM\",\"publisher\":{\"@id\":\"https:\\\/\\\/www.careers.premgroup.com\\\/#organization\"},\"potentialAction\":[{\"@type\":\"SearchAction\",\"target\":{\"@type\":\"EntryPoint\",\"urlTemplate\":\"https:\\\/\\\/www.careers.premgroup.com\\\/?s={search_term_string}\"},\"query-input\":{\"@type\":\"PropertyValueSpecification\",\"valueRequired\":true,\"valueName\":\"search_term_string\"}}],\"inLanguage\":\"nl-BE\"},{\"@type\":\"Organization\",\"@id\":\"https:\\\/\\\/www.careers.premgroup.com\\\/#organization\",\"name\":\"Careers at PREM Group\",\"url\":\"https:\\\/\\\/www.careers.premgroup.com\\\/\",\"logo\":{\"@type\":\"ImageObject\",\"inLanguage\":\"nl-BE\",\"@id\":\"https:\\\/\\\/www.careers.premgroup.com\\\/#\\\/schema\\\/logo\\\/image\\\/\",\"url\":\"https:\\\/\\\/www.careers.premgroup.com\\\/wp-content\\\/uploads\\\/2020\\\/05\\\/PREM-Group-logo_Landscape.png\",\"contentUrl\":\"https:\\\/\\\/www.careers.premgroup.com\\\/wp-content\\\/uploads\\\/2020\\\/05\\\/PREM-Group-logo_Landscape.png\",\"width\":1918,\"height\":649,\"caption\":\"Careers at PREM Group\"},\"image\":{\"@id\":\"https:\\\/\\\/www.careers.premgroup.com\\\/#\\\/schema\\\/logo\\\/image\\\/\"}}]}<\/script>\n<!-- \/ Yoast SEO plugin. -->","yoast_head_json":{"title":"Toegankelijkheidsverklaring - Carri\u00e8res bij PREM Groep","robots":{"index":"index","follow":"follow","max-snippet":"max-snippet:-1","max-image-preview":"max-image-preview:large","max-video-preview":"max-video-preview:-1"},"canonical":"https:\/\/www.careers.premgroup.com\/nl\/toegankelijkheidsverklaring\/","og_locale":"nl_BE","og_type":"article","og_title":"Accessibility Statement - Careers at PREM Group","og_description":"At PREM Group we are committed to ensuring digital accessibility for all users, including people with disabilities. We strive to continuously improve the user experience for everyone and apply relevant accessibility standards to achieve this goal. Our aim is to comply with the Web Content Accessibility Guidelines (WCAG) 2.1 Level AA wherever feasible, and to [&hellip;]","og_url":"https:\/\/www.careers.premgroup.com\/nl\/toegankelijkheidsverklaring\/","og_site_name":"Careers at PREM Group","article_modified_time":"2026-02-27T12:28:48+00:00","twitter_card":"summary_large_image","twitter_misc":{"Geschatte leestijd":"5 minuten"},"schema":{"@context":"https:\/\/schema.org","@graph":[{"@type":"WebPage","@id":"https:\/\/www.careers.premgroup.com\/accessibility-statement","url":"https:\/\/www.careers.premgroup.com\/accessibility-statement","name":"Toegankelijkheidsverklaring - Carri\u00e8res bij PREM Groep","isPartOf":{"@id":"https:\/\/www.careers.premgroup.com\/#website"},"datePublished":"2026-02-27T12:19:09+00:00","dateModified":"2026-02-27T12:28:48+00:00","breadcrumb":{"@id":"https:\/\/www.careers.premgroup.com\/accessibility-statement#breadcrumb"},"inLanguage":"nl-BE","potentialAction":[{"@type":"ReadAction","target":["https:\/\/www.careers.premgroup.com\/accessibility-statement"]}]},{"@type":"BreadcrumbList","@id":"https:\/\/www.careers.premgroup.com\/accessibility-statement#breadcrumb","itemListElement":[{"@type":"ListItem","position":1,"name":"Home","item":"https:\/\/www.careers.premgroup.com\/"},{"@type":"ListItem","position":2,"name":"Accessibility Statement"}]},{"@type":"WebSite","@id":"https:\/\/www.careers.premgroup.com\/#website","url":"https:\/\/www.careers.premgroup.com\/","name":"Werken bij PREM Group","description":"Vooruitgang met PREM","publisher":{"@id":"https:\/\/www.careers.premgroup.com\/#organization"},"potentialAction":[{"@type":"SearchAction","target":{"@type":"EntryPoint","urlTemplate":"https:\/\/www.careers.premgroup.com\/?s={search_term_string}"},"query-input":{"@type":"PropertyValueSpecification","valueRequired":true,"valueName":"search_term_string"}}],"inLanguage":"nl-BE"},{"@type":"Organization","@id":"https:\/\/www.careers.premgroup.com\/#organization","name":"Werken bij PREM Group","url":"https:\/\/www.careers.premgroup.com\/","logo":{"@type":"ImageObject","inLanguage":"nl-BE","@id":"https:\/\/www.careers.premgroup.com\/#\/schema\/logo\/image\/","url":"https:\/\/www.careers.premgroup.com\/wp-content\/uploads\/2020\/05\/PREM-Group-logo_Landscape.png","contentUrl":"https:\/\/www.careers.premgroup.com\/wp-content\/uploads\/2020\/05\/PREM-Group-logo_Landscape.png","width":1918,"height":649,"caption":"Careers at PREM Group"},"image":{"@id":"https:\/\/www.careers.premgroup.com\/#\/schema\/logo\/image\/"}}]}},"_links":{"self":[{"href":"https:\/\/www.careers.premgroup.com\/nl\/wp-json\/wp\/v2\/pages\/3999","targetHints":{"allow":["GET"]}}],"collection":[{"href":"https:\/\/www.careers.premgroup.com\/nl\/wp-json\/wp\/v2\/pages"}],"about":[{"href":"https:\/\/www.careers.premgroup.com\/nl\/wp-json\/wp\/v2\/types\/page"}],"author":[{"embeddable":true,"href":"https:\/\/www.careers.premgroup.com\/nl\/wp-json\/wp\/v2\/users\/28"}],"replies":[{"embeddable":true,"href":"https:\/\/www.careers.premgroup.com\/nl\/wp-json\/wp\/v2\/comments?post=3999"}],"version-history":[{"count":0,"href":"https:\/\/www.careers.premgroup.com\/nl\/wp-json\/wp\/v2\/pages\/3999\/revisions"}],"wp:attachment":[{"href":"https:\/\/www.careers.premgroup.com\/nl\/wp-json\/wp\/v2\/media?parent=3999"}],"curies":[{"name":"wp","href":"https:\/\/api.w.org\/{rel}","templated":true}]}}