{"id":3999,"date":"2026-02-27T12:19:09","date_gmt":"2026-02-27T12:19:09","guid":{"rendered":"https:\/\/www.careers.premgroup.com\/?page_id=3999"},"modified":"2026-02-27T12:28:48","modified_gmt":"2026-02-27T12:28:48","slug":"declaration-daccessibilite","status":"publish","type":"page","link":"https:\/\/www.careers.premgroup.com\/fr\/accessibility-statement","title":{"rendered":"D\u00e9claration d'accessibilit\u00e9"},"content":{"rendered":"<div data-elementor-type=\"wp-page\" data-elementor-id=\"3999\" class=\"elementor elementor-3999\" data-elementor-post-type=\"page\">\n\t\t\t\t<div class=\"elementor-element elementor-element-6c20bc4a e-con-full e-flex e-con e-parent\" data-id=\"6c20bc4a\" data-element_type=\"container\" data-e-type=\"container\">\n\t\t<div class=\"elementor-element elementor-element-a4770dc e-con-full e-flex e-con e-child\" data-id=\"a4770dc\" data-element_type=\"container\" data-e-type=\"container\" data-settings=\"{&quot;background_background&quot;:&quot;classic&quot;}\">\n\t\t\t\t<div class=\"elementor-element elementor-element-18b3f1fc elementor-widget elementor-widget-heading\" data-id=\"18b3f1fc\" data-element_type=\"widget\" data-e-type=\"widget\" data-widget_type=\"heading.default\">\n\t\t\t\t<div class=\"elementor-widget-container\">\n\t\t\t\t\t<div class=\"elementor-heading-title elementor-size-default\">D\u00e9claration d'accessibilit\u00e9<\/div>\t\t\t\t<\/div>\n\t\t\t\t<\/div>\n\t\t\t\t<\/div>\n\t\t\t\t<\/div>\n\t\t<div class=\"elementor-element elementor-element-55a1c10d e-con-full e-flex e-con e-parent\" data-id=\"55a1c10d\" data-element_type=\"container\" data-e-type=\"container\">\n\t\t\t\t<div class=\"elementor-element elementor-element-2983f914 elementor-widget elementor-widget-text-editor\" data-id=\"2983f914\" data-element_type=\"widget\" data-e-type=\"widget\" data-widget_type=\"text-editor.default\">\n\t\t\t\t<div class=\"elementor-widget-container\">\n\t\t\t\t\t\t\t\t\t<p>Le groupe PREM s'engage \u00e0 garantir l'accessibilit\u00e9 num\u00e9rique \u00e0 tous les utilisateurs, y compris les personnes handicap\u00e9es. Nous nous effor\u00e7ons d'am\u00e9liorer en permanence l'exp\u00e9rience utilisateur pour tous et appliquons les normes d'accessibilit\u00e9 pertinentes pour atteindre cet objectif.<\/p><p>Notre objectif est de nous conformer, dans la mesure du possible, aux lignes directrices pour l'accessibilit\u00e9 des contenus web (WCAG) 2.1, niveau AA, et d'apporter des am\u00e9liorations continues en fonction des r\u00e9actions des utilisateurs et de l'\u00e9volution des meilleures pratiques. Nous testons r\u00e9guli\u00e8rement notre site web \u00e0 l'aide d'outils automatis\u00e9s et de contr\u00f4les manuels pour nous assurer que le contenu est clair et navigable, en formant le personnel et en le sensibilisant \u00e0 l'accessibilit\u00e9.<\/p><h2>Approche de l'\u00e9valuation de l'accessibilit\u00e9<\/h2><p>Nous adoptons une approche mixte et bien inform\u00e9e pour \u00e9valuer l'accessibilit\u00e9. Notre travail est \u00e9tay\u00e9 par l'engagement de consultants sp\u00e9cialis\u00e9s dans l'accessibilit\u00e9, ainsi que par la participation \u00e0 des initiatives de formation et d'information pertinentes. Cette d\u00e9marche est compl\u00e9t\u00e9e par des examens manuels internes et l'utilisation d'outils d'essai automatis\u00e9s, ce qui garantit une \u00e9valuation approfondie et fiable de l'accessibilit\u00e9 du site web. Les \u00e9valuations ont \u00e9t\u00e9 r\u00e9alis\u00e9es \u00e0 l'aide d'une s\u00e9rie de m\u00e9thodes et d'outils, notamment des tests bas\u00e9s sur le navigateur, des tests avec lecteur d'\u00e9cran, des v\u00e9rifications manuelles et des tests de navigation au clavier uniquement.<\/p><p>Notre objectif est de nous conformer, dans la mesure du possible, aux lignes directrices pour l'accessibilit\u00e9 des contenus web (WCAG) 2.1, niveau AA, et d'apporter des am\u00e9liorations continues en fonction des r\u00e9actions des utilisateurs et de l'\u00e9volution des meilleures pratiques. Nous testons r\u00e9guli\u00e8rement notre site web \u00e0 l'aide d'outils automatis\u00e9s et de contr\u00f4les manuels pour nous assurer que le contenu est clair et navigable, en formant le personnel et en le sensibilisant \u00e0 l'accessibilit\u00e9.<\/p><h2>Compatibilit\u00e9 des navigateurs et des technologies<\/h2><p>Notre site est con\u00e7u pour \u00eatre compatible avec les derni\u00e8res versions des navigateurs les plus utilis\u00e9s, notamment Google Chrome, Mozilla Firefox, Microsoft Edge et Safari.<\/p><p>Nous nous effor\u00e7ons de prendre en charge les fonctions d'accessibilit\u00e9 sur les ordinateurs de bureau et les appareils mobiles et d'assurer la compatibilit\u00e9 avec les technologies d'assistance couramment utilis\u00e9es, telles que les lecteurs d'\u00e9cran et les loupes d'\u00e9cran.<\/p><p>Pour une exp\u00e9rience optimale, nous vous recommandons d'utiliser la version la plus r\u00e9cente de votre navigateur et de votre syst\u00e8me d'exploitation. Les navigateurs ou technologies plus anciens peuvent ne pas prendre en charge toutes les fonctions d'accessibilit\u00e9 de notre site web.<\/p><p>Notre objectif est de nous conformer, dans la mesure du possible, aux lignes directrices pour l'accessibilit\u00e9 des contenus web (WCAG) 2.1, niveau AA, et d'apporter des am\u00e9liorations continues en fonction des r\u00e9actions des utilisateurs et de l'\u00e9volution des meilleures pratiques. Nous testons r\u00e9guli\u00e8rement notre site web \u00e0 l'aide d'outils automatis\u00e9s et de contr\u00f4les manuels pour nous assurer que le contenu est clair et navigable, en formant le personnel et en le sensibilisant \u00e0 l'accessibilit\u00e9.<\/p><h2>\u00c9tat de conformit\u00e9<\/h2><p>Lorsque nous publions des informations sur ce site web, nous nous effor\u00e7ons de<\/p><p>Utiliser un anglais simple (sauf pour les termes acad\u00e9miques ou scientifiques qui n'ont pas d'alternative)<br \/>Bien structurer le contenu<br \/>Expliquer les acronymes<br \/>Utiliser des phrases courtes<br \/>R\u00e9diger un bon texte de lien<br \/>Rendre les images et les vid\u00e9os accessibles<br \/>S'assurer que les nouvelles fonctionnalit\u00e9s fonctionnent avec les technologies d'assistance<br \/>Bien que nous nous efforcions d'assurer une accessibilit\u00e9 totale, certaines parties du site web peuvent ne pas encore r\u00e9pondre aux normes requises. Par cons\u00e9quent, ce site web est partiellement conforme aux WCAG 2.1 niveau AA, en raison de la non-conformit\u00e9 et des exemptions \u00e9num\u00e9r\u00e9es ci-dessous.<\/p><h2>Accessibilit\u00e9 des PDF<\/h2><p>Certains des documents PDF disponibles sur notre site web peuvent ne pas r\u00e9pondre enti\u00e8rement aux normes d'accessibilit\u00e9. Les probl\u00e8mes les plus courants sont l'absence d'alternatives textuelles, un ordre de lecture incorrect ou l'absence de balisage qui emp\u00eache une utilisation efficace avec des lecteurs d'\u00e9cran. Nous reconnaissons que les documents PDF peuvent pr\u00e9senter des obstacles importants pour les utilisateurs utilisant des technologies d'assistance et nous nous effor\u00e7ons d'am\u00e9liorer ces documents en convertissant le contenu essentiel en pages web accessibles ou en fournissant des formats alternatifs sur demande. Si vous avez besoin d'aide pour acc\u00e9der \u00e0 un document, contactez-nous et nous serons heureux de vous aider.<\/p><h2>Liens et boutons d'appel \u00e0 l'action<\/h2><p>Nous reconnaissons que certains de nos boutons d'appel \u00e0 l'action, tels que \u2018Cliquez ici\u2019 ou \u2018En savoir plus\u2019, peuvent ne pas fournir suffisamment de contexte aux utilisateurs de lecteurs d'\u00e9cran ou \u00e0 ceux qui naviguent sans souris. Nous sommes en train de les revoir et de les mettre \u00e0 jour pour qu'ils soient plus descriptifs et accessibles \u00e0 tous les utilisateurs.<\/p><h2>Limitation de l'accessibilit\u00e9 de la galerie<\/h2><p>Nous reconnaissons que les galeries d'images de notre site web ne r\u00e9pondent pas actuellement aux normes d'accessibilit\u00e9, en particulier pour les utilisateurs qui utilisent des lecteurs d'\u00e9cran ou la navigation au clavier. Cette limitation est due \u00e0 des contraintes li\u00e9es au constructeur de pages Elementor, qui ne prend pas encore en charge une fonctionnalit\u00e9 de galerie enti\u00e8rement accessible. Nous suivons activement les mises \u00e0 jour d'Elementor et explorons d'autres solutions pour am\u00e9liorer l'accessibilit\u00e9 de notre contenu visuel.<\/p><h2>Accessibilit\u00e9 des vid\u00e9os<\/h2><p>Nous sommes conscients que certaines des vid\u00e9os de notre site web qui comportent des dialogues parl\u00e9s ou de la musique ne sont pas encore sous-titr\u00e9es ou transcrites. Nous comprenons l'importance de rendre le contenu vid\u00e9o accessible \u00e0 tous les utilisateurs, y compris les personnes sourdes ou malentendantes, et nous travaillons activement \u00e0 fournir des sous-titres pour tous les m\u00e9dias pertinents.<\/p><h2>Logiciels tiers et accessibilit\u00e9<\/h2><p>Notre site web peut utiliser des outils et des services de tiers pour am\u00e9liorer la fonctionnalit\u00e9 et l'exp\u00e9rience de l'utilisateur, ainsi que pour prendre en charge certaines caract\u00e9ristiques. Bien que nous nous efforcions de choisir des fournisseurs qui s'alignent sur les meilleures pratiques en mati\u00e8re d'accessibilit\u00e9, nous reconnaissons que certains de ces outils tiers peuvent ne pas \u00eatre enti\u00e8rement conformes aux lignes directrices en mati\u00e8re d'accessibilit\u00e9. Cela peut affecter leur fonctionnement pour les utilisateurs de lecteurs d'\u00e9cran, de navigation au clavier ou d'autres technologies d'assistance.<\/p><h2>Commentaires et informations de contact<\/h2><p>Si vous rencontrez des difficult\u00e9s pour acc\u00e9der au contenu, si vous remarquez des probl\u00e8mes d'accessibilit\u00e9 ou si vous avez besoin d'informations dans un format diff\u00e9rent, n'h\u00e9sitez pas \u00e0 nous le faire savoir. Vous pouvez nous contacter en utilisant les m\u00e9thodes ci-dessous. Nous nous efforcerons de vous r\u00e9pondre dans les 5 jours ouvrables.<\/p><p>Adresse de courriel : careers@premgroup.com<br \/>Num\u00e9ro de t\u00e9l\u00e9phone : +353 1 639 1111<br \/>Adresse postale : 12 Lower Hatch Street, Dublin 2\u00a0<\/p><h2>Examen de la d\u00e9claration et historique<\/h2><p>Cette d\u00e9claration a \u00e9t\u00e9 pr\u00e9par\u00e9e le 27 juin 2025. Nous nous engageons \u00e0 am\u00e9liorer en permanence notre site web et nous continuerons \u00e0 tester, \u00e0 affiner et \u00e0 mettre \u00e0 jour r\u00e9guli\u00e8rement ses caract\u00e9ristiques d'accessibilit\u00e9.<\/p><p>Besoin d'escalader un probl\u00e8me d'accessibilit\u00e9 ?<br \/>Nous nous effor\u00e7ons toujours d'am\u00e9liorer l'accessibilit\u00e9 de notre site web et nous ferons de notre mieux pour r\u00e9soudre les probl\u00e8mes que vous rencontrez. Si, pour quelque raison que ce soit, vous estimez que votre probl\u00e8me n'a pas \u00e9t\u00e9 enti\u00e8rement r\u00e9solu, vous pouvez contacter la Commission de la concurrence et de la protection des consommateurs (CCPC).<\/p><p>Coordonn\u00e9es du CCPC :<br \/>Tel : +353 (0)1 402 5500<br \/>Site web : www.ccpc.ie<\/p>\t\t\t\t\t\t\t\t<\/div>\n\t\t\t\t<\/div>\n\t\t\t\t<\/div>\n\t\t\t\t<\/div>","protected":false},"excerpt":{"rendered":"<p>At PREM Group we are committed to ensuring digital accessibility for all users, including people with disabilities. We strive to continuously improve the user experience for everyone and apply relevant accessibility standards to achieve this goal. Our aim is to comply with the Web Content Accessibility Guidelines (WCAG) 2.1 Level AA wherever feasible, and to [&hellip;]<\/p>\n","protected":false},"author":28,"featured_media":0,"parent":0,"menu_order":0,"comment_status":"closed","ping_status":"closed","template":"","meta":{"_acf_changed":false,"footnotes":""},"class_list":["post-3999","page","type-page","status-publish","hentry"],"acf":[],"yoast_head":"<!-- This site is optimized with the Yoast SEO plugin v27.4 - https:\/\/yoast.com\/product\/yoast-seo-wordpress\/ -->\n<title>Accessibility Statement - Careers at PREM Group<\/title>\n<meta name=\"robots\" content=\"index, follow, max-snippet:-1, max-image-preview:large, max-video-preview:-1\" \/>\n<link rel=\"canonical\" href=\"https:\/\/www.careers.premgroup.com\/fr\/declaration-daccessibilite\/\" \/>\n<meta property=\"og:locale\" content=\"fr_FR\" \/>\n<meta property=\"og:type\" content=\"article\" \/>\n<meta property=\"og:title\" content=\"Accessibility Statement - Careers at PREM Group\" \/>\n<meta property=\"og:description\" content=\"At PREM Group we are committed to ensuring digital accessibility for all users, including people with disabilities. We strive to continuously improve the user experience for everyone and apply relevant accessibility standards to achieve this goal. Our aim is to comply with the Web Content Accessibility Guidelines (WCAG) 2.1 Level AA wherever feasible, and to [&hellip;]\" \/>\n<meta property=\"og:url\" content=\"https:\/\/www.careers.premgroup.com\/fr\/declaration-daccessibilite\/\" \/>\n<meta property=\"og:site_name\" content=\"Careers at PREM Group\" \/>\n<meta property=\"article:modified_time\" content=\"2026-02-27T12:28:48+00:00\" \/>\n<meta name=\"twitter:card\" content=\"summary_large_image\" \/>\n<meta name=\"twitter:label1\" content=\"Dur\u00e9e de lecture est.\" \/>\n\t<meta name=\"twitter:data1\" content=\"5 minutes\" \/>\n<script type=\"application\/ld+json\" class=\"yoast-schema-graph\">{\"@context\":\"https:\\\/\\\/schema.org\",\"@graph\":[{\"@type\":\"WebPage\",\"@id\":\"https:\\\/\\\/www.careers.premgroup.com\\\/accessibility-statement\",\"url\":\"https:\\\/\\\/www.careers.premgroup.com\\\/accessibility-statement\",\"name\":\"Accessibility Statement - Careers at PREM Group\",\"isPartOf\":{\"@id\":\"https:\\\/\\\/www.careers.premgroup.com\\\/#website\"},\"datePublished\":\"2026-02-27T12:19:09+00:00\",\"dateModified\":\"2026-02-27T12:28:48+00:00\",\"breadcrumb\":{\"@id\":\"https:\\\/\\\/www.careers.premgroup.com\\\/accessibility-statement#breadcrumb\"},\"inLanguage\":\"fr-BE\",\"potentialAction\":[{\"@type\":\"ReadAction\",\"target\":[\"https:\\\/\\\/www.careers.premgroup.com\\\/accessibility-statement\"]}]},{\"@type\":\"BreadcrumbList\",\"@id\":\"https:\\\/\\\/www.careers.premgroup.com\\\/accessibility-statement#breadcrumb\",\"itemListElement\":[{\"@type\":\"ListItem\",\"position\":1,\"name\":\"Home\",\"item\":\"https:\\\/\\\/www.careers.premgroup.com\\\/\"},{\"@type\":\"ListItem\",\"position\":2,\"name\":\"Accessibility Statement\"}]},{\"@type\":\"WebSite\",\"@id\":\"https:\\\/\\\/www.careers.premgroup.com\\\/#website\",\"url\":\"https:\\\/\\\/www.careers.premgroup.com\\\/\",\"name\":\"Careers at PREM Group\",\"description\":\"Progress with PREM\",\"publisher\":{\"@id\":\"https:\\\/\\\/www.careers.premgroup.com\\\/#organization\"},\"potentialAction\":[{\"@type\":\"SearchAction\",\"target\":{\"@type\":\"EntryPoint\",\"urlTemplate\":\"https:\\\/\\\/www.careers.premgroup.com\\\/?s={search_term_string}\"},\"query-input\":{\"@type\":\"PropertyValueSpecification\",\"valueRequired\":true,\"valueName\":\"search_term_string\"}}],\"inLanguage\":\"fr-BE\"},{\"@type\":\"Organization\",\"@id\":\"https:\\\/\\\/www.careers.premgroup.com\\\/#organization\",\"name\":\"Careers at PREM Group\",\"url\":\"https:\\\/\\\/www.careers.premgroup.com\\\/\",\"logo\":{\"@type\":\"ImageObject\",\"inLanguage\":\"fr-BE\",\"@id\":\"https:\\\/\\\/www.careers.premgroup.com\\\/#\\\/schema\\\/logo\\\/image\\\/\",\"url\":\"https:\\\/\\\/www.careers.premgroup.com\\\/wp-content\\\/uploads\\\/2020\\\/05\\\/PREM-Group-logo_Landscape.png\",\"contentUrl\":\"https:\\\/\\\/www.careers.premgroup.com\\\/wp-content\\\/uploads\\\/2020\\\/05\\\/PREM-Group-logo_Landscape.png\",\"width\":1918,\"height\":649,\"caption\":\"Careers at PREM Group\"},\"image\":{\"@id\":\"https:\\\/\\\/www.careers.premgroup.com\\\/#\\\/schema\\\/logo\\\/image\\\/\"}}]}<\/script>\n<!-- \/ Yoast SEO plugin. -->","yoast_head_json":{"title":"D\u00e9claration d'accessibilit\u00e9 - Carri\u00e8res au sein du groupe PREM","robots":{"index":"index","follow":"follow","max-snippet":"max-snippet:-1","max-image-preview":"max-image-preview:large","max-video-preview":"max-video-preview:-1"},"canonical":"https:\/\/www.careers.premgroup.com\/fr\/declaration-daccessibilite\/","og_locale":"fr_FR","og_type":"article","og_title":"Accessibility Statement - Careers at PREM Group","og_description":"At PREM Group we are committed to ensuring digital accessibility for all users, including people with disabilities. We strive to continuously improve the user experience for everyone and apply relevant accessibility standards to achieve this goal. Our aim is to comply with the Web Content Accessibility Guidelines (WCAG) 2.1 Level AA wherever feasible, and to [&hellip;]","og_url":"https:\/\/www.careers.premgroup.com\/fr\/declaration-daccessibilite\/","og_site_name":"Careers at PREM Group","article_modified_time":"2026-02-27T12:28:48+00:00","twitter_card":"summary_large_image","twitter_misc":{"Dur\u00e9e de lecture est.":"5 minutes"},"schema":{"@context":"https:\/\/schema.org","@graph":[{"@type":"WebPage","@id":"https:\/\/www.careers.premgroup.com\/accessibility-statement","url":"https:\/\/www.careers.premgroup.com\/accessibility-statement","name":"D\u00e9claration d'accessibilit\u00e9 - Carri\u00e8res au sein du groupe PREM","isPartOf":{"@id":"https:\/\/www.careers.premgroup.com\/#website"},"datePublished":"2026-02-27T12:19:09+00:00","dateModified":"2026-02-27T12:28:48+00:00","breadcrumb":{"@id":"https:\/\/www.careers.premgroup.com\/accessibility-statement#breadcrumb"},"inLanguage":"fr-BE","potentialAction":[{"@type":"ReadAction","target":["https:\/\/www.careers.premgroup.com\/accessibility-statement"]}]},{"@type":"BreadcrumbList","@id":"https:\/\/www.careers.premgroup.com\/accessibility-statement#breadcrumb","itemListElement":[{"@type":"ListItem","position":1,"name":"Home","item":"https:\/\/www.careers.premgroup.com\/"},{"@type":"ListItem","position":2,"name":"Accessibility Statement"}]},{"@type":"WebSite","@id":"https:\/\/www.careers.premgroup.com\/#website","url":"https:\/\/www.careers.premgroup.com\/","name":"Carri\u00e8res au Groupe PREM","description":"Progr\u00e8s du PREM","publisher":{"@id":"https:\/\/www.careers.premgroup.com\/#organization"},"potentialAction":[{"@type":"SearchAction","target":{"@type":"EntryPoint","urlTemplate":"https:\/\/www.careers.premgroup.com\/?s={search_term_string}"},"query-input":{"@type":"PropertyValueSpecification","valueRequired":true,"valueName":"search_term_string"}}],"inLanguage":"fr-BE"},{"@type":"Organization","@id":"https:\/\/www.careers.premgroup.com\/#organization","name":"Carri\u00e8res au Groupe PREM","url":"https:\/\/www.careers.premgroup.com\/","logo":{"@type":"ImageObject","inLanguage":"fr-BE","@id":"https:\/\/www.careers.premgroup.com\/#\/schema\/logo\/image\/","url":"https:\/\/www.careers.premgroup.com\/wp-content\/uploads\/2020\/05\/PREM-Group-logo_Landscape.png","contentUrl":"https:\/\/www.careers.premgroup.com\/wp-content\/uploads\/2020\/05\/PREM-Group-logo_Landscape.png","width":1918,"height":649,"caption":"Careers at PREM Group"},"image":{"@id":"https:\/\/www.careers.premgroup.com\/#\/schema\/logo\/image\/"}}]}},"_links":{"self":[{"href":"https:\/\/www.careers.premgroup.com\/fr\/wp-json\/wp\/v2\/pages\/3999","targetHints":{"allow":["GET"]}}],"collection":[{"href":"https:\/\/www.careers.premgroup.com\/fr\/wp-json\/wp\/v2\/pages"}],"about":[{"href":"https:\/\/www.careers.premgroup.com\/fr\/wp-json\/wp\/v2\/types\/page"}],"author":[{"embeddable":true,"href":"https:\/\/www.careers.premgroup.com\/fr\/wp-json\/wp\/v2\/users\/28"}],"replies":[{"embeddable":true,"href":"https:\/\/www.careers.premgroup.com\/fr\/wp-json\/wp\/v2\/comments?post=3999"}],"version-history":[{"count":0,"href":"https:\/\/www.careers.premgroup.com\/fr\/wp-json\/wp\/v2\/pages\/3999\/revisions"}],"wp:attachment":[{"href":"https:\/\/www.careers.premgroup.com\/fr\/wp-json\/wp\/v2\/media?parent=3999"}],"curies":[{"name":"wp","href":"https:\/\/api.w.org\/{rel}","templated":true}]}}