{"id":25,"date":"2020-05-20T13:35:43","date_gmt":"2020-05-20T13:35:43","guid":{"rendered":"https:\/\/premcareerdev.wpenginepowered.com\/?page_id=25"},"modified":"2026-02-09T10:00:49","modified_gmt":"2026-02-09T10:00:49","slug":"contacter","status":"publish","type":"page","link":"https:\/\/www.careers.premgroup.com\/fr\/contact","title":{"rendered":"Contact"},"content":{"rendered":"<div data-elementor-type=\"wp-page\" data-elementor-id=\"25\" class=\"elementor elementor-25\" data-elementor-post-type=\"page\">\n\t\t\t\t<div class=\"elementor-element elementor-element-4ea7ea0d e-con-full e-flex e-con e-parent\" data-id=\"4ea7ea0d\" data-element_type=\"container\" data-e-type=\"container\">\n\t\t<div class=\"elementor-element elementor-element-4eec4be3 e-con-full e-flex e-con e-child\" data-id=\"4eec4be3\" data-element_type=\"container\" data-e-type=\"container\" data-settings=\"{&quot;background_background&quot;:&quot;classic&quot;}\">\n\t\t\t\t<div class=\"elementor-element elementor-element-54b3cd85 elementor-widget elementor-widget-heading\" data-id=\"54b3cd85\" data-element_type=\"widget\" data-e-type=\"widget\" data-widget_type=\"heading.default\">\n\t\t\t\t<div class=\"elementor-widget-container\">\n\t\t\t\t\t<div class=\"elementor-heading-title elementor-size-default\">Contact<\/div>\t\t\t\t<\/div>\n\t\t\t\t<\/div>\n\t\t\t\t<div class=\"elementor-element elementor-element-2940901b elementor-absolute elementor-widget elementor-widget-heading\" data-id=\"2940901b\" data-element_type=\"widget\" data-e-type=\"widget\" data-settings=\"{&quot;_position&quot;:&quot;absolute&quot;}\" data-widget_type=\"heading.default\">\n\t\t\t\t<div class=\"elementor-widget-container\">\n\t\t\t\t\t<div class=\"elementor-heading-title elementor-size-default\">#ProgressWithPREM<\/div>\t\t\t\t<\/div>\n\t\t\t\t<\/div>\n\t\t\t\t<\/div>\n\t\t\t\t<\/div>\n\t\t<div class=\"elementor-element elementor-element-5c9ca16c e-con-full e-flex e-con e-parent\" data-id=\"5c9ca16c\" data-element_type=\"container\" data-e-type=\"container\">\n\t\t<div class=\"elementor-element elementor-element-520dd2ab e-con-full e-flex e-con e-child\" data-id=\"520dd2ab\" data-element_type=\"container\" data-e-type=\"container\">\n\t\t\t\t<div class=\"elementor-element elementor-element-30a673f0 elementor-widget elementor-widget-heading\" data-id=\"30a673f0\" data-element_type=\"widget\" data-e-type=\"widget\" data-widget_type=\"heading.default\">\n\t\t\t\t<div class=\"elementor-widget-container\">\n\t\t\t\t\t<h2 class=\"elementor-heading-title elementor-size-default\">Entrer<span style=\"color:var(--e-global-color-secondary)\"> Toucher<\/span><\/h2>\t\t\t\t<\/div>\n\t\t\t\t<\/div>\n\t\t\t\t<div class=\"elementor-element elementor-element-104d9c4d elementor-widget elementor-widget-heading\" data-id=\"104d9c4d\" data-element_type=\"widget\" data-e-type=\"widget\" data-widget_type=\"heading.default\">\n\t\t\t\t<div class=\"elementor-widget-container\">\n\t\t\t\t\t<div class=\"elementor-heading-title elementor-size-default\">Nous serions ravis de vous entendre<\/div>\t\t\t\t<\/div>\n\t\t\t\t<\/div>\n\t\t\t\t<div class=\"elementor-element elementor-element-772af610 elementor-widget elementor-widget-text-editor\" data-id=\"772af610\" data-element_type=\"widget\" data-e-type=\"widget\" data-widget_type=\"text-editor.default\">\n\t\t\t\t<div class=\"elementor-widget-container\">\n\t\t\t\t\t\t\t\t\t<p>Nous pouvons conserver votre CV dans nos dossiers pour tout poste futur correspondant \u00e0 vos int\u00e9r\u00eats.<\/p><p>N'h\u00e9sitez pas \u00e0 contacter notre merveilleux d\u00e9partement des ressources humaines si vous avez des questions concernant le travail avec PREM.<\/p>\t\t\t\t\t\t\t\t<\/div>\n\t\t\t\t<\/div>\n\t\t\t\t<div class=\"elementor-element elementor-element-73aaa4e8 elementor-mobile-align-left elementor-widget elementor-widget-button\" data-id=\"73aaa4e8\" data-element_type=\"widget\" data-e-type=\"widget\" data-widget_type=\"button.default\">\n\t\t\t\t<div class=\"elementor-widget-container\">\n\t\t\t\t\t\t\t\t\t<div class=\"elementor-button-wrapper\">\n\t\t\t\t\t<a class=\"elementor-button elementor-button-link elementor-size-sm\" href=\"https:\/\/www.careers.premgroup.com\/fr\/jobs\">\n\t\t\t\t\t\t<span class=\"elementor-button-content-wrapper\">\n\t\t\t\t\t\t\t\t\t<span class=\"elementor-button-text\">Aller \u00e0 la page des emplois<\/span>\n\t\t\t\t\t<\/span>\n\t\t\t\t\t<\/a>\n\t\t\t\t<\/div>\n\t\t\t\t\t\t\t\t<\/div>\n\t\t\t\t<\/div>\n\t\t\t\t<\/div>\n\t\t<div class=\"elementor-element elementor-element-16bb6449 e-con-full elementor-hidden-mobile e-flex e-con e-child\" data-id=\"16bb6449\" data-element_type=\"container\" data-e-type=\"container\">\n\t\t\t\t<div class=\"elementor-element elementor-element-63586aa8 elementor-widget elementor-widget-image\" data-id=\"63586aa8\" data-element_type=\"widget\" data-e-type=\"widget\" data-widget_type=\"image.default\">\n\t\t\t\t<div class=\"elementor-widget-container\">\n\t\t\t\t\t\t\t\t\t\t\t\t\t\t\t<img fetchpriority=\"high\" decoding=\"async\" width=\"800\" height=\"534\" src=\"https:\/\/www.careers.premgroup.com\/wp-content\/uploads\/2026\/02\/PREM-Group-HR-team-photo-1024x683.jpg\" class=\"attachment-large size-large wp-image-3946\" alt=\"\" srcset=\"https:\/\/www.careers.premgroup.com\/wp-content\/uploads\/2026\/02\/PREM-Group-HR-team-photo-1024x683.jpg 1024w, https:\/\/www.careers.premgroup.com\/wp-content\/uploads\/2026\/02\/PREM-Group-HR-team-photo-300x200.jpg 300w, https:\/\/www.careers.premgroup.com\/wp-content\/uploads\/2026\/02\/PREM-Group-HR-team-photo-768x512.jpg 768w, https:\/\/www.careers.premgroup.com\/wp-content\/uploads\/2026\/02\/PREM-Group-HR-team-photo-1536x1024.jpg 1536w, https:\/\/www.careers.premgroup.com\/wp-content\/uploads\/2026\/02\/PREM-Group-HR-team-photo-18x12.jpg 18w, https:\/\/www.careers.premgroup.com\/wp-content\/uploads\/2026\/02\/PREM-Group-HR-team-photo.jpg 1920w\" sizes=\"(max-width: 800px) 100vw, 800px\" \/>\t\t\t\t\t\t\t\t\t\t\t\t\t\t\t<\/div>\n\t\t\t\t<\/div>\n\t\t\t\t<\/div>\n\t\t\t\t<\/div>\n\t\t<div class=\"elementor-element elementor-element-41c6df2b e-con-full e-flex e-con e-parent\" data-id=\"41c6df2b\" data-element_type=\"container\" data-e-type=\"container\">\n\t\t\t\t<div class=\"elementor-element elementor-element-4ca915f4 elementor-widget elementor-widget-heading\" data-id=\"4ca915f4\" data-element_type=\"widget\" data-e-type=\"widget\" data-widget_type=\"heading.default\">\n\t\t\t\t<div class=\"elementor-widget-container\">\n\t\t\t\t\t<h2 class=\"elementor-heading-title elementor-size-default\">Localisation <span style=\"color:var(--e-global-color-secondary)\">Coordonn\u00e9es<\/span><\/h2>\t\t\t\t<\/div>\n\t\t\t\t<\/div>\n\t\t<div class=\"elementor-element elementor-element-267c76a5 e-con-full e-flex e-con e-child\" data-id=\"267c76a5\" data-element_type=\"container\" data-e-type=\"container\">\n\t\t\t\t<div class=\"elementor-element elementor-element-54b976da elementor-cta--skin-cover elementor-widget__width-initial elementor-bg-transform elementor-bg-transform-zoom-in elementor-widget elementor-widget-call-to-action\" data-id=\"54b976da\" data-element_type=\"widget\" data-e-type=\"widget\" data-widget_type=\"call-to-action.default\">\n\t\t\t\t<div class=\"elementor-widget-container\">\n\t\t\t\t\t\t\t<a class=\"elementor-cta\" href=\"mailto:vacatures@premgroup.com\" aria-label=\"Visitez la page PREMIER SUITES Leeson Street\">\n\t\t\t\t\t<div class=\"elementor-cta__bg-wrapper\">\n\t\t\t\t<div class=\"elementor-cta__bg elementor-bg\" style=\"background-image: url(https:\/\/www.careers.premgroup.com\/wp-content\/uploads\/2023\/09\/Kitchenette-with-bed-and-seating-area-at-Leopold-Hotel-Oudenaarde-1024x683.jpg);\" role=\"img\" aria-label=\"Kitchenette avec lit et coin salon au Leopold Hotel Oudenaarde\"><\/div>\n\t\t\t\t<div class=\"elementor-cta__bg-overlay\"><\/div>\n\t\t\t<\/div>\n\t\t\t\t\t\t\t<div class=\"elementor-cta__content\">\n\t\t\t\t\n\t\t\t\t\t\t\t\t\t<h3 class=\"elementor-cta__title elementor-cta__content-item elementor-content-item\">\n\t\t\t\t\t\tEurope continentale\t\t\t\t\t<\/h3>\n\t\t\t\t\n\t\t\t\t\t\t\t\t\t<div class=\"elementor-cta__description elementor-cta__content-item elementor-content-item\">\n\t\t\t\t\t\t+32 9 240 11 72\n\t\t\t\t\t<\/div>\n\t\t\t\t\n\t\t\t\t\t\t\t\t\t<div class=\"elementor-cta__button-wrapper elementor-cta__content-item elementor-content-item\">\n\t\t\t\t\t<span class=\"elementor-cta__button elementor-button elementor-size-\">\n\t\t\t\t\t\tvacatures@premgroup.com\t\t\t\t\t<\/span>\n\t\t\t\t\t<\/div>\n\t\t\t\t\t\t\t<\/div>\n\t\t\t\t\t\t<\/a>\n\t\t\t\t\t\t<\/div>\n\t\t\t\t<\/div>\n\t\t\t\t<div class=\"elementor-element elementor-element-2996d261 elementor-cta--skin-cover elementor-widget__width-initial elementor-bg-transform elementor-bg-transform-zoom-in elementor-widget elementor-widget-call-to-action\" data-id=\"2996d261\" data-element_type=\"widget\" data-e-type=\"widget\" data-widget_type=\"call-to-action.default\">\n\t\t\t\t<div class=\"elementor-widget-container\">\n\t\t\t\t\t\t\t<a class=\"elementor-cta\" href=\"mailto:careers@premgroup.com\" aria-label=\"Visitez la page du Rochestown Lodge\">\n\t\t\t\t\t<div class=\"elementor-cta__bg-wrapper\">\n\t\t\t\t<div class=\"elementor-cta__bg elementor-bg\" style=\"background-image: url(https:\/\/www.careers.premgroup.com\/wp-content\/uploads\/2022\/06\/Viking-Hotel-Waterford-reception-desk-with-receptionist-standing-1024x684.jpg);\" role=\"img\" aria-label=\"Viking-Hotel-Waterford-r\u00e9ception-bureau-avec-r\u00e9ceptionniste-debout\"><\/div>\n\t\t\t\t<div class=\"elementor-cta__bg-overlay\"><\/div>\n\t\t\t<\/div>\n\t\t\t\t\t\t\t<div class=\"elementor-cta__content\">\n\t\t\t\t\n\t\t\t\t\t\t\t\t\t<h3 class=\"elementor-cta__title elementor-cta__content-item elementor-content-item\">\n\t\t\t\t\t\tIrlande\t\t\t\t\t<\/h3>\n\t\t\t\t\n\t\t\t\t\t\t\t\t\t<div class=\"elementor-cta__description elementor-cta__content-item elementor-content-item\">\n\t\t\t\t\t\t+353 1 639 1111\t\t\t\t\t<\/div>\n\t\t\t\t\n\t\t\t\t\t\t\t\t\t<div class=\"elementor-cta__button-wrapper elementor-cta__content-item elementor-content-item\">\n\t\t\t\t\t<span class=\"elementor-cta__button elementor-button elementor-size-\">\n\t\t\t\t\t\tcareers@premgroup.com\t\t\t\t\t<\/span>\n\t\t\t\t\t<\/div>\n\t\t\t\t\t\t\t<\/div>\n\t\t\t\t\t\t<\/a>\n\t\t\t\t\t\t<\/div>\n\t\t\t\t<\/div>\n\t\t\t\t<div class=\"elementor-element elementor-element-4158275f elementor-cta--skin-cover elementor-widget__width-initial elementor-bg-transform elementor-bg-transform-zoom-in elementor-widget elementor-widget-call-to-action\" data-id=\"4158275f\" data-element_type=\"widget\" data-e-type=\"widget\" data-widget_type=\"call-to-action.default\">\n\t\t\t\t<div class=\"elementor-widget-container\">\n\t\t\t\t\t\t\t<a class=\"elementor-cta\" href=\"mailto:careers@premgroup.com\" aria-label=\"Visitez la page de l&#039;h\u00f4tel Viking\">\n\t\t\t\t\t<div class=\"elementor-cta__bg-wrapper\">\n\t\t\t\t<div class=\"elementor-cta__bg elementor-bg\" style=\"background-image: url(https:\/\/www.careers.premgroup.com\/wp-content\/uploads\/2026\/02\/Open-plan-space-to-relax-with-sofa-leading-to-kitchen-at-PREMIER-SUITES-PLUS-Glasgow-George-Square-1024x684.jpg);\" role=\"img\" aria-label=\"Espace ouvert pour se d\u00e9tendre avec un canap\u00e9, menant \u00e0 la cuisine au PREMIER SUITES PLUS Glasgow George Square\"><\/div>\n\t\t\t\t<div class=\"elementor-cta__bg-overlay\"><\/div>\n\t\t\t<\/div>\n\t\t\t\t\t\t\t<div class=\"elementor-cta__content\">\n\t\t\t\t\n\t\t\t\t\t\t\t\t\t<h3 class=\"elementor-cta__title elementor-cta__content-item elementor-content-item\">\n\t\t\t\t\t\tRoyaume-Uni\t\t\t\t\t<\/h3>\n\t\t\t\t\n\t\t\t\t\t\t\t\t\t<div class=\"elementor-cta__description elementor-cta__content-item elementor-content-item\">\n\t\t\t\t\t\t+44 151 227 9467\t\t\t\t\t<\/div>\n\t\t\t\t\n\t\t\t\t\t\t\t\t\t<div class=\"elementor-cta__button-wrapper elementor-cta__content-item elementor-content-item\">\n\t\t\t\t\t<span class=\"elementor-cta__button elementor-button elementor-size-\">\n\t\t\t\t\t\tcareers@premgroup.com\t\t\t\t\t<\/span>\n\t\t\t\t\t<\/div>\n\t\t\t\t\t\t\t<\/div>\n\t\t\t\t\t\t<\/a>\n\t\t\t\t\t\t<\/div>\n\t\t\t\t<\/div>\n\t\t\t\t<\/div>\n\t\t\t\t<\/div>\n\t\t\t\t<\/div>","protected":false},"excerpt":{"rendered":"<p>#ProgressWithPREM Get in Touch We&#8217;d love to hear from you We can keep your CV on file for any future roles that match your interests. Get in touch with our wonderful HR department if you have any queries relating to working with PREM. Go To Jobs Page Location Contact Details Continental Europe +32 9 240 [&hellip;]<\/p>\n","protected":false},"author":2,"featured_media":311,"parent":0,"menu_order":0,"comment_status":"closed","ping_status":"closed","template":"","meta":{"_acf_changed":false,"footnotes":""},"class_list":["post-25","page","type-page","status-publish","has-post-thumbnail","hentry"],"acf":[],"yoast_head":"<!-- This site is optimized with the Yoast SEO plugin v27.4 - https:\/\/yoast.com\/product\/yoast-seo-wordpress\/ -->\n<title>Contact - Careers at PREM Group - Hotel Careers<\/title>\n<meta name=\"description\" content=\"Contact PREM Group to start or enhance you career in hospitality, hotels, catering and chef jobs. Locations in Ireland, UK &amp; Continental Europe.\" \/>\n<meta name=\"robots\" content=\"index, follow, max-snippet:-1, max-image-preview:large, max-video-preview:-1\" \/>\n<link rel=\"canonical\" href=\"https:\/\/www.careers.premgroup.com\/fr\/contacter\/\" \/>\n<meta property=\"og:locale\" content=\"fr_FR\" \/>\n<meta property=\"og:type\" content=\"article\" \/>\n<meta property=\"og:title\" content=\"Contact - Careers at PREM Group - Hotel Careers\" \/>\n<meta property=\"og:description\" content=\"Contact PREM Group to start or enhance you career in hospitality, hotels, catering and chef jobs. Locations in Ireland, UK &amp; Continental Europe.\" \/>\n<meta property=\"og:url\" content=\"https:\/\/www.careers.premgroup.com\/fr\/contacter\/\" \/>\n<meta property=\"og:site_name\" content=\"Careers at PREM Group\" \/>\n<meta property=\"article:modified_time\" content=\"2026-02-09T10:00:49+00:00\" \/>\n<meta property=\"og:image\" content=\"https:\/\/www.careers.premgroup.com\/wp-content\/uploads\/2020\/10\/premier-suites-sandyford-staff-at-the-roadshow-scaled.jpg\" \/>\n\t<meta property=\"og:image:width\" content=\"2560\" \/>\n\t<meta property=\"og:image:height\" content=\"1707\" \/>\n\t<meta property=\"og:image:type\" content=\"image\/jpeg\" \/>\n<meta name=\"twitter:card\" content=\"summary_large_image\" \/>\n<meta name=\"twitter:label1\" content=\"Dur\u00e9e de lecture est.\" \/>\n\t<meta name=\"twitter:data1\" content=\"1 minute\" \/>\n<script type=\"application\/ld+json\" class=\"yoast-schema-graph\">{\"@context\":\"https:\\\/\\\/schema.org\",\"@graph\":[{\"@type\":\"WebPage\",\"@id\":\"https:\\\/\\\/www.careers.premgroup.com\\\/contact\",\"url\":\"https:\\\/\\\/www.careers.premgroup.com\\\/contact\",\"name\":\"Contact - Careers at PREM Group - Hotel Careers\",\"isPartOf\":{\"@id\":\"https:\\\/\\\/www.careers.premgroup.com\\\/#website\"},\"primaryImageOfPage\":{\"@id\":\"https:\\\/\\\/www.careers.premgroup.com\\\/contact#primaryimage\"},\"image\":{\"@id\":\"https:\\\/\\\/www.careers.premgroup.com\\\/contact#primaryimage\"},\"thumbnailUrl\":\"https:\\\/\\\/www.careers.premgroup.com\\\/wp-content\\\/uploads\\\/2020\\\/10\\\/premier-suites-sandyford-staff-at-the-roadshow-scaled.jpg\",\"datePublished\":\"2020-05-20T13:35:43+00:00\",\"dateModified\":\"2026-02-09T10:00:49+00:00\",\"description\":\"Contact PREM Group to start or enhance you career in hospitality, hotels, catering and chef jobs. Locations in Ireland, UK & Continental Europe.\",\"breadcrumb\":{\"@id\":\"https:\\\/\\\/www.careers.premgroup.com\\\/contact#breadcrumb\"},\"inLanguage\":\"fr-BE\",\"potentialAction\":[{\"@type\":\"ReadAction\",\"target\":[\"https:\\\/\\\/www.careers.premgroup.com\\\/contact\"]}]},{\"@type\":\"ImageObject\",\"inLanguage\":\"fr-BE\",\"@id\":\"https:\\\/\\\/www.careers.premgroup.com\\\/contact#primaryimage\",\"url\":\"https:\\\/\\\/www.careers.premgroup.com\\\/wp-content\\\/uploads\\\/2020\\\/10\\\/premier-suites-sandyford-staff-at-the-roadshow-scaled.jpg\",\"contentUrl\":\"https:\\\/\\\/www.careers.premgroup.com\\\/wp-content\\\/uploads\\\/2020\\\/10\\\/premier-suites-sandyford-staff-at-the-roadshow-scaled.jpg\",\"width\":2560,\"height\":1707,\"caption\":\"premier suites sandyford staff at the roadshow\"},{\"@type\":\"BreadcrumbList\",\"@id\":\"https:\\\/\\\/www.careers.premgroup.com\\\/contact#breadcrumb\",\"itemListElement\":[{\"@type\":\"ListItem\",\"position\":1,\"name\":\"Home\",\"item\":\"https:\\\/\\\/www.careers.premgroup.com\\\/\"},{\"@type\":\"ListItem\",\"position\":2,\"name\":\"Contact\"}]},{\"@type\":\"WebSite\",\"@id\":\"https:\\\/\\\/www.careers.premgroup.com\\\/#website\",\"url\":\"https:\\\/\\\/www.careers.premgroup.com\\\/\",\"name\":\"Careers at PREM Group\",\"description\":\"Progress with PREM\",\"publisher\":{\"@id\":\"https:\\\/\\\/www.careers.premgroup.com\\\/#organization\"},\"potentialAction\":[{\"@type\":\"SearchAction\",\"target\":{\"@type\":\"EntryPoint\",\"urlTemplate\":\"https:\\\/\\\/www.careers.premgroup.com\\\/?s={search_term_string}\"},\"query-input\":{\"@type\":\"PropertyValueSpecification\",\"valueRequired\":true,\"valueName\":\"search_term_string\"}}],\"inLanguage\":\"fr-BE\"},{\"@type\":\"Organization\",\"@id\":\"https:\\\/\\\/www.careers.premgroup.com\\\/#organization\",\"name\":\"Careers at PREM Group\",\"url\":\"https:\\\/\\\/www.careers.premgroup.com\\\/\",\"logo\":{\"@type\":\"ImageObject\",\"inLanguage\":\"fr-BE\",\"@id\":\"https:\\\/\\\/www.careers.premgroup.com\\\/#\\\/schema\\\/logo\\\/image\\\/\",\"url\":\"https:\\\/\\\/www.careers.premgroup.com\\\/wp-content\\\/uploads\\\/2020\\\/05\\\/PREM-Group-logo_Landscape.png\",\"contentUrl\":\"https:\\\/\\\/www.careers.premgroup.com\\\/wp-content\\\/uploads\\\/2020\\\/05\\\/PREM-Group-logo_Landscape.png\",\"width\":1918,\"height\":649,\"caption\":\"Careers at PREM Group\"},\"image\":{\"@id\":\"https:\\\/\\\/www.careers.premgroup.com\\\/#\\\/schema\\\/logo\\\/image\\\/\"}}]}<\/script>\n<!-- \/ Yoast SEO plugin. -->","yoast_head_json":{"title":"Contact - Carri\u00e8res au sein du groupe PREM - Carri\u00e8res dans l'h\u00f4tellerie","description":"Contactez PREM Group pour commencer ou am\u00e9liorer votre carri\u00e8re dans l'h\u00f4tellerie, la restauration et les emplois de chefs. Sites en Irlande, au Royaume-Uni et en Europe continentale.","robots":{"index":"index","follow":"follow","max-snippet":"max-snippet:-1","max-image-preview":"max-image-preview:large","max-video-preview":"max-video-preview:-1"},"canonical":"https:\/\/www.careers.premgroup.com\/fr\/contacter\/","og_locale":"fr_FR","og_type":"article","og_title":"Contact - Careers at PREM Group - Hotel Careers","og_description":"Contact PREM Group to start or enhance you career in hospitality, hotels, catering and chef jobs. Locations in Ireland, UK & Continental Europe.","og_url":"https:\/\/www.careers.premgroup.com\/fr\/contacter\/","og_site_name":"Careers at PREM Group","article_modified_time":"2026-02-09T10:00:49+00:00","og_image":[{"width":2560,"height":1707,"url":"https:\/\/www.careers.premgroup.com\/wp-content\/uploads\/2020\/10\/premier-suites-sandyford-staff-at-the-roadshow-scaled.jpg","type":"image\/jpeg"}],"twitter_card":"summary_large_image","twitter_misc":{"Dur\u00e9e de lecture est.":"1 minute"},"schema":{"@context":"https:\/\/schema.org","@graph":[{"@type":"WebPage","@id":"https:\/\/www.careers.premgroup.com\/contact","url":"https:\/\/www.careers.premgroup.com\/contact","name":"Contact - Carri\u00e8res au sein du groupe PREM - Carri\u00e8res dans l'h\u00f4tellerie","isPartOf":{"@id":"https:\/\/www.careers.premgroup.com\/#website"},"primaryImageOfPage":{"@id":"https:\/\/www.careers.premgroup.com\/contact#primaryimage"},"image":{"@id":"https:\/\/www.careers.premgroup.com\/contact#primaryimage"},"thumbnailUrl":"https:\/\/www.careers.premgroup.com\/wp-content\/uploads\/2020\/10\/premier-suites-sandyford-staff-at-the-roadshow-scaled.jpg","datePublished":"2020-05-20T13:35:43+00:00","dateModified":"2026-02-09T10:00:49+00:00","description":"Contactez PREM Group pour commencer ou am\u00e9liorer votre carri\u00e8re dans l'h\u00f4tellerie, la restauration et les emplois de chefs. Sites en Irlande, au Royaume-Uni et en Europe continentale.","breadcrumb":{"@id":"https:\/\/www.careers.premgroup.com\/contact#breadcrumb"},"inLanguage":"fr-BE","potentialAction":[{"@type":"ReadAction","target":["https:\/\/www.careers.premgroup.com\/contact"]}]},{"@type":"ImageObject","inLanguage":"fr-BE","@id":"https:\/\/www.careers.premgroup.com\/contact#primaryimage","url":"https:\/\/www.careers.premgroup.com\/wp-content\/uploads\/2020\/10\/premier-suites-sandyford-staff-at-the-roadshow-scaled.jpg","contentUrl":"https:\/\/www.careers.premgroup.com\/wp-content\/uploads\/2020\/10\/premier-suites-sandyford-staff-at-the-roadshow-scaled.jpg","width":2560,"height":1707,"caption":"premier suites sandyford staff at the roadshow"},{"@type":"BreadcrumbList","@id":"https:\/\/www.careers.premgroup.com\/contact#breadcrumb","itemListElement":[{"@type":"ListItem","position":1,"name":"Home","item":"https:\/\/www.careers.premgroup.com\/"},{"@type":"ListItem","position":2,"name":"Contact"}]},{"@type":"WebSite","@id":"https:\/\/www.careers.premgroup.com\/#website","url":"https:\/\/www.careers.premgroup.com\/","name":"Carri\u00e8res au Groupe PREM","description":"Progr\u00e8s du PREM","publisher":{"@id":"https:\/\/www.careers.premgroup.com\/#organization"},"potentialAction":[{"@type":"SearchAction","target":{"@type":"EntryPoint","urlTemplate":"https:\/\/www.careers.premgroup.com\/?s={search_term_string}"},"query-input":{"@type":"PropertyValueSpecification","valueRequired":true,"valueName":"search_term_string"}}],"inLanguage":"fr-BE"},{"@type":"Organization","@id":"https:\/\/www.careers.premgroup.com\/#organization","name":"Carri\u00e8res au Groupe PREM","url":"https:\/\/www.careers.premgroup.com\/","logo":{"@type":"ImageObject","inLanguage":"fr-BE","@id":"https:\/\/www.careers.premgroup.com\/#\/schema\/logo\/image\/","url":"https:\/\/www.careers.premgroup.com\/wp-content\/uploads\/2020\/05\/PREM-Group-logo_Landscape.png","contentUrl":"https:\/\/www.careers.premgroup.com\/wp-content\/uploads\/2020\/05\/PREM-Group-logo_Landscape.png","width":1918,"height":649,"caption":"Careers at PREM Group"},"image":{"@id":"https:\/\/www.careers.premgroup.com\/#\/schema\/logo\/image\/"}}]}},"_links":{"self":[{"href":"https:\/\/www.careers.premgroup.com\/fr\/wp-json\/wp\/v2\/pages\/25","targetHints":{"allow":["GET"]}}],"collection":[{"href":"https:\/\/www.careers.premgroup.com\/fr\/wp-json\/wp\/v2\/pages"}],"about":[{"href":"https:\/\/www.careers.premgroup.com\/fr\/wp-json\/wp\/v2\/types\/page"}],"author":[{"embeddable":true,"href":"https:\/\/www.careers.premgroup.com\/fr\/wp-json\/wp\/v2\/users\/2"}],"replies":[{"embeddable":true,"href":"https:\/\/www.careers.premgroup.com\/fr\/wp-json\/wp\/v2\/comments?post=25"}],"version-history":[{"count":0,"href":"https:\/\/www.careers.premgroup.com\/fr\/wp-json\/wp\/v2\/pages\/25\/revisions"}],"wp:featuredmedia":[{"embeddable":true,"href":"https:\/\/www.careers.premgroup.com\/fr\/wp-json\/wp\/v2\/media\/311"}],"wp:attachment":[{"href":"https:\/\/www.careers.premgroup.com\/fr\/wp-json\/wp\/v2\/media?parent=25"}],"curies":[{"name":"wp","href":"https:\/\/api.w.org\/{rel}","templated":true}]}}