{"id":19,"date":"2020-05-20T13:30:35","date_gmt":"2020-05-20T13:30:35","guid":{"rendered":"https:\/\/premcareerdev.wpenginepowered.com\/?page_id=19"},"modified":"2025-12-08T11:41:41","modified_gmt":"2025-12-08T11:41:41","slug":"sites","status":"publish","type":"page","link":"https:\/\/www.careers.premgroup.com\/fr\/locations","title":{"rendered":"Sites"},"content":{"rendered":"<div data-elementor-type=\"wp-page\" data-elementor-id=\"19\" class=\"elementor elementor-19\" data-elementor-post-type=\"page\">\n\t\t\t\t<div class=\"elementor-element elementor-element-2d55aaab e-con-full e-flex e-con e-parent\" data-id=\"2d55aaab\" data-element_type=\"container\" data-e-type=\"container\">\n\t\t<div class=\"elementor-element elementor-element-7e263b9a e-con-full e-flex e-con e-child\" data-id=\"7e263b9a\" data-element_type=\"container\" data-e-type=\"container\" data-settings=\"{&quot;background_background&quot;:&quot;classic&quot;}\">\n\t\t\t\t<div class=\"elementor-element elementor-element-6ac8f17a elementor-widget elementor-widget-heading\" data-id=\"6ac8f17a\" data-element_type=\"widget\" data-e-type=\"widget\" data-widget_type=\"heading.default\">\n\t\t\t\t<div class=\"elementor-widget-container\">\n\t\t\t\t\t<div class=\"elementor-heading-title elementor-size-default\">Sites<\/div>\t\t\t\t<\/div>\n\t\t\t\t<\/div>\n\t\t\t\t<div class=\"elementor-element elementor-element-4b33e7c6 elementor-absolute elementor-widget elementor-widget-heading\" data-id=\"4b33e7c6\" data-element_type=\"widget\" data-e-type=\"widget\" data-settings=\"{&quot;_position&quot;:&quot;absolute&quot;}\" data-widget_type=\"heading.default\">\n\t\t\t\t<div class=\"elementor-widget-container\">\n\t\t\t\t\t<div class=\"elementor-heading-title elementor-size-default\">#ProgressWithPREM<\/div>\t\t\t\t<\/div>\n\t\t\t\t<\/div>\n\t\t\t\t<\/div>\n\t\t\t\t<\/div>\n\t\t<div class=\"elementor-element elementor-element-1e98c89a e-con-full e-flex e-con e-parent\" data-id=\"1e98c89a\" data-element_type=\"container\" data-e-type=\"container\">\n\t\t<div class=\"elementor-element elementor-element-67ba5888 e-con-full e-flex e-con e-child\" data-id=\"67ba5888\" data-element_type=\"container\" data-e-type=\"container\">\n\t\t\t\t<div class=\"elementor-element elementor-element-1b97a81c elementor-widget elementor-widget-heading\" data-id=\"1b97a81c\" data-element_type=\"widget\" data-e-type=\"widget\" data-widget_type=\"heading.default\">\n\t\t\t\t<div class=\"elementor-widget-container\">\n\t\t\t\t\t<h2 class=\"elementor-heading-title elementor-size-default\">Notre <span style=\"color:var(--e-global-color-secondary)\">Sites<\/span><\/h2>\t\t\t\t<\/div>\n\t\t\t\t<\/div>\n\t\t\t\t<div class=\"elementor-element elementor-element-199fbe1e elementor-widget elementor-widget-heading\" data-id=\"199fbe1e\" data-element_type=\"widget\" data-e-type=\"widget\" data-widget_type=\"heading.default\">\n\t\t\t\t<div class=\"elementor-widget-container\">\n\t\t\t\t\t<div class=\"elementor-heading-title elementor-size-default\">D\u00e9couvrez notre gamme d'h\u00f4tels<\/div>\t\t\t\t<\/div>\n\t\t\t\t<\/div>\n\t\t\t\t<div class=\"elementor-element elementor-element-1d6cd462 elementor-widget elementor-widget-text-editor\" data-id=\"1d6cd462\" data-element_type=\"widget\" data-e-type=\"widget\" data-widget_type=\"text-editor.default\">\n\t\t\t\t<div class=\"elementor-widget-container\">\n\t\t\t\t\t\t\t\t\t<p>Nous avons la chance d'avoir des h\u00f4tels situ\u00e9s dans certains des plus beaux endroits d'Europe. Qu'il s'agisse d'un h\u00f4tel de charme dans la campagne tranquille ou d'un h\u00f4tel plus moderne dans une ville anim\u00e9e et passionnante. Nous avons tant \u00e0 offrir.<\/p><p>Si vous pr\u00e9f\u00e9rez consulter toutes nos offres d'emploi sur l'ensemble de nos sites, cliquez sur le bouton ci-dessous !<\/p>\t\t\t\t\t\t\t\t<\/div>\n\t\t\t\t<\/div>\n\t\t\t\t<div class=\"elementor-element elementor-element-1493517d elementor-mobile-align-left elementor-widget elementor-widget-button\" data-id=\"1493517d\" data-element_type=\"widget\" data-e-type=\"widget\" data-widget_type=\"button.default\">\n\t\t\t\t<div class=\"elementor-widget-container\">\n\t\t\t\t\t\t\t\t\t<div class=\"elementor-button-wrapper\">\n\t\t\t\t\t<a class=\"elementor-button elementor-button-link elementor-size-sm\" href=\"https:\/\/www.careers.premgroup.com\/fr\/jobs\">\n\t\t\t\t\t\t<span class=\"elementor-button-content-wrapper\">\n\t\t\t\t\t\t\t\t\t<span class=\"elementor-button-text\">Voir tous les emplois<\/span>\n\t\t\t\t\t<\/span>\n\t\t\t\t\t<\/a>\n\t\t\t\t<\/div>\n\t\t\t\t\t\t\t\t<\/div>\n\t\t\t\t<\/div>\n\t\t\t\t<\/div>\n\t\t<div class=\"elementor-element elementor-element-6abfac9a e-con-full elementor-hidden-mobile e-flex e-con e-child\" data-id=\"6abfac9a\" data-element_type=\"container\" data-e-type=\"container\">\n\t\t\t\t<div class=\"elementor-element elementor-element-431bea4c elementor-widget elementor-widget-image\" data-id=\"431bea4c\" data-element_type=\"widget\" data-e-type=\"widget\" data-widget_type=\"image.default\">\n\t\t\t\t<div class=\"elementor-widget-container\">\n\t\t\t\t\t\t\t\t\t\t\t\t\t\t\t<img fetchpriority=\"high\" decoding=\"async\" width=\"800\" height=\"534\" src=\"https:\/\/www.careers.premgroup.com\/wp-content\/uploads\/2021\/01\/Holiday-Inn-Express-Mechelen-Overview-Breakfast-Room-1024x683.jpg\" class=\"attachment-large size-large wp-image-621\" alt=\"Holiday Inn Express Mechelen Aper\u00e7u de la salle de petit-d\u00e9jeuner\" srcset=\"https:\/\/www.careers.premgroup.com\/wp-content\/uploads\/2021\/01\/Holiday-Inn-Express-Mechelen-Overview-Breakfast-Room-1024x683.jpg 1024w, https:\/\/www.careers.premgroup.com\/wp-content\/uploads\/2021\/01\/Holiday-Inn-Express-Mechelen-Overview-Breakfast-Room-300x200.jpg 300w, https:\/\/www.careers.premgroup.com\/wp-content\/uploads\/2021\/01\/Holiday-Inn-Express-Mechelen-Overview-Breakfast-Room-768x512.jpg 768w, https:\/\/www.careers.premgroup.com\/wp-content\/uploads\/2021\/01\/Holiday-Inn-Express-Mechelen-Overview-Breakfast-Room-1536x1024.jpg 1536w, https:\/\/www.careers.premgroup.com\/wp-content\/uploads\/2021\/01\/Holiday-Inn-Express-Mechelen-Overview-Breakfast-Room-18x12.jpg 18w, https:\/\/www.careers.premgroup.com\/wp-content\/uploads\/2021\/01\/Holiday-Inn-Express-Mechelen-Overview-Breakfast-Room.jpg 1920w\" sizes=\"(max-width: 800px) 100vw, 800px\" \/>\t\t\t\t\t\t\t\t\t\t\t\t\t\t\t<\/div>\n\t\t\t\t<\/div>\n\t\t\t\t<\/div>\n\t\t\t\t<\/div>\n\t\t<div class=\"elementor-element elementor-element-db22382 e-con-full e-flex e-con e-parent\" data-id=\"db22382\" data-element_type=\"container\" data-e-type=\"container\">\n\t\t\t\t<div class=\"elementor-element elementor-element-7d2de92a elementor-widget elementor-widget-heading\" data-id=\"7d2de92a\" data-element_type=\"widget\" data-e-type=\"widget\" data-widget_type=\"heading.default\">\n\t\t\t\t<div class=\"elementor-widget-container\">\n\t\t\t\t\t<h2 class=\"elementor-heading-title elementor-size-default\">Choisir <span style=\"color:var(--e-global-color-secondary)\">Votre r\u00e9gion<\/span><\/h2>\t\t\t\t<\/div>\n\t\t\t\t<\/div>\n\t\t<div class=\"elementor-element elementor-element-14301ef4 e-con-full e-flex e-con e-child\" data-id=\"14301ef4\" data-element_type=\"container\" data-e-type=\"container\">\n\t\t\t\t<div class=\"elementor-element elementor-element-36ef5c90 elementor-cta--skin-cover elementor-widget__width-initial elementor-bg-transform elementor-bg-transform-zoom-in elementor-widget elementor-widget-global elementor-global-3895 elementor-widget-call-to-action\" data-id=\"36ef5c90\" data-element_type=\"widget\" data-e-type=\"widget\" data-widget_type=\"call-to-action.default\">\n\t\t\t\t<div class=\"elementor-widget-container\">\n\t\t\t\t\t\t\t<a class=\"elementor-cta\" href=\"https:\/\/www.careers.premgroup.com\/fr\/jobs\/continental-europe\" aria-label=\"Visitez la page PREMIER SUITES Leeson Street\">\n\t\t\t\t\t<div class=\"elementor-cta__bg-wrapper\">\n\t\t\t\t<div class=\"elementor-cta__bg elementor-bg\" style=\"background-image: url(https:\/\/www.careers.premgroup.com\/wp-content\/uploads\/2021\/04\/Overview-of-food-cafe-of-PREMIER-SUITES-PLUS-Antwerp-1024x684.jpg);\" role=\"img\" aria-label=\"Aper\u00e7u de la caf\u00e9t\u00e9ria du PREMIER SUITES PLUS Antwerp\"><\/div>\n\t\t\t\t<div class=\"elementor-cta__bg-overlay\"><\/div>\n\t\t\t<\/div>\n\t\t\t\t\t\t\t<div class=\"elementor-cta__content\">\n\t\t\t\t\n\t\t\t\t\t\t\t\t\t<h3 class=\"elementor-cta__title elementor-cta__content-item elementor-content-item\">\n\t\t\t\t\t\tEurope continentale\t\t\t\t\t<\/h3>\n\t\t\t\t\n\t\t\t\t\t\t\t\t\t<div class=\"elementor-cta__description elementor-cta__content-item elementor-content-item\">\n\t\t\t\t\t\t\n\t\t\t\t\t<\/div>\n\t\t\t\t\n\t\t\t\t\t\t\t<\/div>\n\t\t\t\t\t\t<\/a>\n\t\t\t\t\t\t<\/div>\n\t\t\t\t<\/div>\n\t\t\t\t<div class=\"elementor-element elementor-element-2d276504 elementor-cta--skin-cover elementor-widget__width-initial elementor-bg-transform elementor-bg-transform-zoom-in elementor-widget elementor-widget-global elementor-global-3896 elementor-widget-call-to-action\" data-id=\"2d276504\" data-element_type=\"widget\" data-e-type=\"widget\" data-widget_type=\"call-to-action.default\">\n\t\t\t\t<div class=\"elementor-widget-container\">\n\t\t\t\t\t\t\t<a class=\"elementor-cta\" href=\"https:\/\/www.careers.premgroup.com\/fr\/jobs\/ireland\" aria-label=\"Visitez la page du Rochestown Lodge\">\n\t\t\t\t\t<div class=\"elementor-cta__bg-wrapper\">\n\t\t\t\t<div class=\"elementor-cta__bg elementor-bg\" style=\"background-image: url(https:\/\/www.careers.premgroup.com\/wp-content\/uploads\/2025\/07\/PREMIER-SUITES-PLUS-Dublin-Ballsbridge-back-garden-in-sunshine-1024x664.jpg);\" role=\"img\" aria-label=\"PREMIER SUITES PLUS Dublin Le jardin arri\u00e8re de Ballsbridge au soleil\"><\/div>\n\t\t\t\t<div class=\"elementor-cta__bg-overlay\"><\/div>\n\t\t\t<\/div>\n\t\t\t\t\t\t\t<div class=\"elementor-cta__content\">\n\t\t\t\t\n\t\t\t\t\t\t\t\t\t<h3 class=\"elementor-cta__title elementor-cta__content-item elementor-content-item\">\n\t\t\t\t\t\tIrlande\t\t\t\t\t<\/h3>\n\t\t\t\t\n\t\t\t\t\n\t\t\t\t\t\t\t<\/div>\n\t\t\t\t\t\t<\/a>\n\t\t\t\t\t\t<\/div>\n\t\t\t\t<\/div>\n\t\t\t\t<div class=\"elementor-element elementor-element-5b59240e elementor-cta--skin-cover elementor-widget__width-initial elementor-bg-transform elementor-bg-transform-zoom-in elementor-widget elementor-widget-global elementor-global-3897 elementor-widget-call-to-action\" data-id=\"5b59240e\" data-element_type=\"widget\" data-e-type=\"widget\" data-widget_type=\"call-to-action.default\">\n\t\t\t\t<div class=\"elementor-widget-container\">\n\t\t\t\t\t\t\t<a class=\"elementor-cta\" href=\"https:\/\/www.careers.premgroup.com\/fr\/jobs\/united-kingdom\" aria-label=\"Visitez la page de l&#039;h\u00f4tel Viking\">\n\t\t\t\t\t<div class=\"elementor-cta__bg-wrapper\">\n\t\t\t\t<div class=\"elementor-cta__bg elementor-bg\" style=\"background-image: url(https:\/\/www.careers.premgroup.com\/wp-content\/uploads\/2025\/10\/Double-bed-at-PREMIER-SUITES-Liverpool-flooded-with-natural-light-with-views-of-Liverpool-from-the-large-window-1024x684.jpg);\" role=\"img\" aria-label=\"Lit double au PREMIER SUITES Liverpool inond\u00e9 de lumi\u00e8re naturelle avec vue sur Liverpool depuis la grande fen\u00eatre.\"><\/div>\n\t\t\t\t<div class=\"elementor-cta__bg-overlay\"><\/div>\n\t\t\t<\/div>\n\t\t\t\t\t\t\t<div class=\"elementor-cta__content\">\n\t\t\t\t\n\t\t\t\t\t\t\t\t\t<h3 class=\"elementor-cta__title elementor-cta__content-item elementor-content-item\">\n\t\t\t\t\t\tRoyaume-Uni\t\t\t\t\t<\/h3>\n\t\t\t\t\n\t\t\t\t\n\t\t\t\t\t\t\t<\/div>\n\t\t\t\t\t\t<\/a>\n\t\t\t\t\t\t<\/div>\n\t\t\t\t<\/div>\n\t\t\t\t<\/div>\n\t\t\t\t<\/div>\n\t\t\t\t<\/div>","protected":false},"excerpt":{"rendered":"<p>#ProgressWithPREM Our Locations Explore Our Range of Hotels We&#8217;re so lucky to have our hotels based in some of the most beautiful places around Europe. Whether it&#8217;s a boutique hotel in the quiet countryside or a more modern hotel in the bustling and exciting city life. We have so much to offer. If you&#8217;d prefer [&hellip;]<\/p>\n","protected":false},"author":2,"featured_media":816,"parent":0,"menu_order":0,"comment_status":"closed","ping_status":"closed","template":"","meta":{"_acf_changed":false,"footnotes":""},"class_list":["post-19","page","type-page","status-publish","has-post-thumbnail","hentry"],"acf":[],"yoast_head":"<!-- This site is optimized with the Yoast SEO plugin v27.3 - https:\/\/yoast.com\/product\/yoast-seo-wordpress\/ -->\n<title>Locations - Careers at PREM Group - Hospitality and Hotel Jobs<\/title>\n<meta name=\"description\" content=\"At PREM Group we have jobs available in locations across Ireland, the United Kingdom and continental Europe\" \/>\n<meta name=\"robots\" content=\"index, follow, max-snippet:-1, max-image-preview:large, max-video-preview:-1\" \/>\n<link rel=\"canonical\" href=\"https:\/\/www.careers.premgroup.com\/fr\/sites\/\" \/>\n<meta property=\"og:locale\" content=\"fr_FR\" \/>\n<meta property=\"og:type\" content=\"article\" \/>\n<meta property=\"og:title\" content=\"Locations - Careers at PREM Group - Hospitality and Hotel Jobs\" \/>\n<meta property=\"og:description\" content=\"At PREM Group we have jobs available in locations across Ireland, the United Kingdom and continental Europe\" \/>\n<meta property=\"og:url\" content=\"https:\/\/www.careers.premgroup.com\/fr\/sites\/\" \/>\n<meta property=\"og:site_name\" content=\"Careers at PREM Group\" \/>\n<meta property=\"article:modified_time\" content=\"2025-12-08T11:41:41+00:00\" \/>\n<meta property=\"og:image\" content=\"https:\/\/www.careers.premgroup.com\/wp-content\/uploads\/2021\/02\/Jim-Murphy-CEO-of-PREM-Group-PREM-Hospitality-scaled.jpg\" \/>\n\t<meta property=\"og:image:width\" content=\"2560\" \/>\n\t<meta property=\"og:image:height\" content=\"1707\" \/>\n\t<meta property=\"og:image:type\" content=\"image\/jpeg\" \/>\n<meta name=\"twitter:card\" content=\"summary_large_image\" \/>\n<meta name=\"twitter:label1\" content=\"Dur\u00e9e de lecture est.\" \/>\n\t<meta name=\"twitter:data1\" content=\"1 minute\" \/>\n<script type=\"application\/ld+json\" class=\"yoast-schema-graph\">{\"@context\":\"https:\\\/\\\/schema.org\",\"@graph\":[{\"@type\":\"WebPage\",\"@id\":\"https:\\\/\\\/www.careers.premgroup.com\\\/locations\",\"url\":\"https:\\\/\\\/www.careers.premgroup.com\\\/locations\",\"name\":\"Locations - Careers at PREM Group - Hospitality and Hotel Jobs\",\"isPartOf\":{\"@id\":\"https:\\\/\\\/www.careers.premgroup.com\\\/#website\"},\"primaryImageOfPage\":{\"@id\":\"https:\\\/\\\/www.careers.premgroup.com\\\/locations#primaryimage\"},\"image\":{\"@id\":\"https:\\\/\\\/www.careers.premgroup.com\\\/locations#primaryimage\"},\"thumbnailUrl\":\"https:\\\/\\\/www.careers.premgroup.com\\\/wp-content\\\/uploads\\\/2021\\\/02\\\/Jim-Murphy-CEO-of-PREM-Group-PREM-Hospitality-scaled.jpg\",\"datePublished\":\"2020-05-20T13:30:35+00:00\",\"dateModified\":\"2025-12-08T11:41:41+00:00\",\"description\":\"At PREM Group we have jobs available in locations across Ireland, the United Kingdom and continental Europe\",\"breadcrumb\":{\"@id\":\"https:\\\/\\\/www.careers.premgroup.com\\\/locations#breadcrumb\"},\"inLanguage\":\"fr-BE\",\"potentialAction\":[{\"@type\":\"ReadAction\",\"target\":[\"https:\\\/\\\/www.careers.premgroup.com\\\/locations\"]}]},{\"@type\":\"ImageObject\",\"inLanguage\":\"fr-BE\",\"@id\":\"https:\\\/\\\/www.careers.premgroup.com\\\/locations#primaryimage\",\"url\":\"https:\\\/\\\/www.careers.premgroup.com\\\/wp-content\\\/uploads\\\/2021\\\/02\\\/Jim-Murphy-CEO-of-PREM-Group-PREM-Hospitality-scaled.jpg\",\"contentUrl\":\"https:\\\/\\\/www.careers.premgroup.com\\\/wp-content\\\/uploads\\\/2021\\\/02\\\/Jim-Murphy-CEO-of-PREM-Group-PREM-Hospitality-scaled.jpg\",\"width\":2560,\"height\":1707,\"caption\":\"Jim Murphy CEO of PREM Group & PREM Hospitality\"},{\"@type\":\"BreadcrumbList\",\"@id\":\"https:\\\/\\\/www.careers.premgroup.com\\\/locations#breadcrumb\",\"itemListElement\":[{\"@type\":\"ListItem\",\"position\":1,\"name\":\"Home\",\"item\":\"https:\\\/\\\/www.careers.premgroup.com\\\/\"},{\"@type\":\"ListItem\",\"position\":2,\"name\":\"Locations\"}]},{\"@type\":\"WebSite\",\"@id\":\"https:\\\/\\\/www.careers.premgroup.com\\\/#website\",\"url\":\"https:\\\/\\\/www.careers.premgroup.com\\\/\",\"name\":\"Careers at PREM Group\",\"description\":\"Progress with PREM\",\"publisher\":{\"@id\":\"https:\\\/\\\/www.careers.premgroup.com\\\/#organization\"},\"potentialAction\":[{\"@type\":\"SearchAction\",\"target\":{\"@type\":\"EntryPoint\",\"urlTemplate\":\"https:\\\/\\\/www.careers.premgroup.com\\\/?s={search_term_string}\"},\"query-input\":{\"@type\":\"PropertyValueSpecification\",\"valueRequired\":true,\"valueName\":\"search_term_string\"}}],\"inLanguage\":\"fr-BE\"},{\"@type\":\"Organization\",\"@id\":\"https:\\\/\\\/www.careers.premgroup.com\\\/#organization\",\"name\":\"Careers at PREM Group\",\"url\":\"https:\\\/\\\/www.careers.premgroup.com\\\/\",\"logo\":{\"@type\":\"ImageObject\",\"inLanguage\":\"fr-BE\",\"@id\":\"https:\\\/\\\/www.careers.premgroup.com\\\/#\\\/schema\\\/logo\\\/image\\\/\",\"url\":\"https:\\\/\\\/www.careers.premgroup.com\\\/wp-content\\\/uploads\\\/2020\\\/05\\\/PREM-Group-logo_Landscape.png\",\"contentUrl\":\"https:\\\/\\\/www.careers.premgroup.com\\\/wp-content\\\/uploads\\\/2020\\\/05\\\/PREM-Group-logo_Landscape.png\",\"width\":1918,\"height\":649,\"caption\":\"Careers at PREM Group\"},\"image\":{\"@id\":\"https:\\\/\\\/www.careers.premgroup.com\\\/#\\\/schema\\\/logo\\\/image\\\/\"}}]}<\/script>\n<!-- \/ Yoast SEO plugin. -->","yoast_head_json":{"title":"Sites - Carri\u00e8res au sein du Groupe PREM - Emplois dans l'h\u00f4tellerie et la restauration","description":"Chez PREM Group, nous avons des emplois disponibles en Irlande, au Royaume-Uni et en Europe continentale.","robots":{"index":"index","follow":"follow","max-snippet":"max-snippet:-1","max-image-preview":"max-image-preview:large","max-video-preview":"max-video-preview:-1"},"canonical":"https:\/\/www.careers.premgroup.com\/fr\/sites\/","og_locale":"fr_FR","og_type":"article","og_title":"Locations - Careers at PREM Group - Hospitality and Hotel Jobs","og_description":"At PREM Group we have jobs available in locations across Ireland, the United Kingdom and continental Europe","og_url":"https:\/\/www.careers.premgroup.com\/fr\/sites\/","og_site_name":"Careers at PREM Group","article_modified_time":"2025-12-08T11:41:41+00:00","og_image":[{"width":2560,"height":1707,"url":"https:\/\/www.careers.premgroup.com\/wp-content\/uploads\/2021\/02\/Jim-Murphy-CEO-of-PREM-Group-PREM-Hospitality-scaled.jpg","type":"image\/jpeg"}],"twitter_card":"summary_large_image","twitter_misc":{"Dur\u00e9e de lecture est.":"1 minute"},"schema":{"@context":"https:\/\/schema.org","@graph":[{"@type":"WebPage","@id":"https:\/\/www.careers.premgroup.com\/locations","url":"https:\/\/www.careers.premgroup.com\/locations","name":"Sites - Carri\u00e8res au sein du Groupe PREM - Emplois dans l'h\u00f4tellerie et la restauration","isPartOf":{"@id":"https:\/\/www.careers.premgroup.com\/#website"},"primaryImageOfPage":{"@id":"https:\/\/www.careers.premgroup.com\/locations#primaryimage"},"image":{"@id":"https:\/\/www.careers.premgroup.com\/locations#primaryimage"},"thumbnailUrl":"https:\/\/www.careers.premgroup.com\/wp-content\/uploads\/2021\/02\/Jim-Murphy-CEO-of-PREM-Group-PREM-Hospitality-scaled.jpg","datePublished":"2020-05-20T13:30:35+00:00","dateModified":"2025-12-08T11:41:41+00:00","description":"Chez PREM Group, nous avons des emplois disponibles en Irlande, au Royaume-Uni et en Europe continentale.","breadcrumb":{"@id":"https:\/\/www.careers.premgroup.com\/locations#breadcrumb"},"inLanguage":"fr-BE","potentialAction":[{"@type":"ReadAction","target":["https:\/\/www.careers.premgroup.com\/locations"]}]},{"@type":"ImageObject","inLanguage":"fr-BE","@id":"https:\/\/www.careers.premgroup.com\/locations#primaryimage","url":"https:\/\/www.careers.premgroup.com\/wp-content\/uploads\/2021\/02\/Jim-Murphy-CEO-of-PREM-Group-PREM-Hospitality-scaled.jpg","contentUrl":"https:\/\/www.careers.premgroup.com\/wp-content\/uploads\/2021\/02\/Jim-Murphy-CEO-of-PREM-Group-PREM-Hospitality-scaled.jpg","width":2560,"height":1707,"caption":"Jim Murphy CEO of PREM Group & PREM Hospitality"},{"@type":"BreadcrumbList","@id":"https:\/\/www.careers.premgroup.com\/locations#breadcrumb","itemListElement":[{"@type":"ListItem","position":1,"name":"Home","item":"https:\/\/www.careers.premgroup.com\/"},{"@type":"ListItem","position":2,"name":"Locations"}]},{"@type":"WebSite","@id":"https:\/\/www.careers.premgroup.com\/#website","url":"https:\/\/www.careers.premgroup.com\/","name":"Carri\u00e8res au Groupe PREM","description":"Progr\u00e8s du PREM","publisher":{"@id":"https:\/\/www.careers.premgroup.com\/#organization"},"potentialAction":[{"@type":"SearchAction","target":{"@type":"EntryPoint","urlTemplate":"https:\/\/www.careers.premgroup.com\/?s={search_term_string}"},"query-input":{"@type":"PropertyValueSpecification","valueRequired":true,"valueName":"search_term_string"}}],"inLanguage":"fr-BE"},{"@type":"Organization","@id":"https:\/\/www.careers.premgroup.com\/#organization","name":"Carri\u00e8res au Groupe PREM","url":"https:\/\/www.careers.premgroup.com\/","logo":{"@type":"ImageObject","inLanguage":"fr-BE","@id":"https:\/\/www.careers.premgroup.com\/#\/schema\/logo\/image\/","url":"https:\/\/www.careers.premgroup.com\/wp-content\/uploads\/2020\/05\/PREM-Group-logo_Landscape.png","contentUrl":"https:\/\/www.careers.premgroup.com\/wp-content\/uploads\/2020\/05\/PREM-Group-logo_Landscape.png","width":1918,"height":649,"caption":"Careers at PREM Group"},"image":{"@id":"https:\/\/www.careers.premgroup.com\/#\/schema\/logo\/image\/"}}]}},"_links":{"self":[{"href":"https:\/\/www.careers.premgroup.com\/fr\/wp-json\/wp\/v2\/pages\/19","targetHints":{"allow":["GET"]}}],"collection":[{"href":"https:\/\/www.careers.premgroup.com\/fr\/wp-json\/wp\/v2\/pages"}],"about":[{"href":"https:\/\/www.careers.premgroup.com\/fr\/wp-json\/wp\/v2\/types\/page"}],"author":[{"embeddable":true,"href":"https:\/\/www.careers.premgroup.com\/fr\/wp-json\/wp\/v2\/users\/2"}],"replies":[{"embeddable":true,"href":"https:\/\/www.careers.premgroup.com\/fr\/wp-json\/wp\/v2\/comments?post=19"}],"version-history":[{"count":0,"href":"https:\/\/www.careers.premgroup.com\/fr\/wp-json\/wp\/v2\/pages\/19\/revisions"}],"wp:featuredmedia":[{"embeddable":true,"href":"https:\/\/www.careers.premgroup.com\/fr\/wp-json\/wp\/v2\/media\/816"}],"wp:attachment":[{"href":"https:\/\/www.careers.premgroup.com\/fr\/wp-json\/wp\/v2\/media?parent=19"}],"curies":[{"name":"wp","href":"https:\/\/api.w.org\/{rel}","templated":true}]}}