{"id":1362,"date":"2021-10-28T11:28:51","date_gmt":"2021-10-28T11:28:51","guid":{"rendered":"https:\/\/premcareerdev.wpenginepowered.com\/?page_id=1362"},"modified":"2025-12-08T15:39:03","modified_gmt":"2025-12-08T15:39:03","slug":"merci-de-votre-candidature","status":"publish","type":"page","link":"https:\/\/www.careers.premgroup.com\/fr\/thank-you-for-applying","title":{"rendered":"Merci."},"content":{"rendered":"\t\t<div data-elementor-type=\"wp-page\" data-elementor-id=\"1362\" class=\"elementor elementor-1362\" data-elementor-post-type=\"page\">\n\t\t\t\t<div class=\"elementor-element elementor-element-752a14cd e-con-full e-flex e-con e-parent\" data-id=\"752a14cd\" data-element_type=\"container\" data-e-type=\"container\">\n\t\t<div class=\"elementor-element elementor-element-4a9d6c5 e-con-full e-flex e-con e-child\" data-id=\"4a9d6c5\" data-element_type=\"container\" data-e-type=\"container\" data-settings=\"{&quot;background_background&quot;:&quot;classic&quot;}\">\n\t\t\t\t<div class=\"elementor-element elementor-element-6f397273 elementor-widget elementor-widget-heading\" data-id=\"6f397273\" data-element_type=\"widget\" data-e-type=\"widget\" data-widget_type=\"heading.default\">\n\t\t\t\t<div class=\"elementor-widget-container\">\n\t\t\t\t\t<div class=\"elementor-heading-title elementor-size-default\">Thank You!<\/div>\t\t\t\t<\/div>\n\t\t\t\t<\/div>\n\t\t\t\t<\/div>\n\t\t\t\t<\/div>\n\t\t<div class=\"elementor-element elementor-element-15a6118f e-con-full e-flex e-con e-parent\" data-id=\"15a6118f\" data-element_type=\"container\" data-e-type=\"container\">\n\t\t\t\t<div class=\"elementor-element elementor-element-73fae1d3 elementor-widget elementor-widget-heading\" data-id=\"73fae1d3\" data-element_type=\"widget\" data-e-type=\"widget\" data-widget_type=\"heading.default\">\n\t\t\t\t<div class=\"elementor-widget-container\">\n\t\t\t\t\t<h1 class=\"elementor-heading-title elementor-size-default\">Thank You <span style=\"color:var(--e-global-color-secondary)\">For Your Application!<\/span><\/h1>\t\t\t\t<\/div>\n\t\t\t\t<\/div>\n\t\t\t\t<div class=\"elementor-element elementor-element-b237843 elementor-widget elementor-widget-heading\" data-id=\"b237843\" data-element_type=\"widget\" data-e-type=\"widget\" data-widget_type=\"heading.default\">\n\t\t\t\t<div class=\"elementor-widget-container\">\n\t\t\t\t\t<span class=\"elementor-heading-title elementor-size-default\">We Are Looking Forward To Meeting You<\/span>\t\t\t\t<\/div>\n\t\t\t\t<\/div>\n\t\t\t\t<div class=\"elementor-element elementor-element-2df03834 elementor-widget elementor-widget-text-editor\" data-id=\"2df03834\" data-element_type=\"widget\" data-e-type=\"widget\" data-widget_type=\"text-editor.default\">\n\t\t\t\t<div class=\"elementor-widget-container\">\n\t\t\t\t\t\t\t\t\t<p>Thank you for applying to one of our job vacancies. We look forward to speaking to you soon.<\/p><p>Working At PREM Group, we strive to create the ideal work environment for our staff.<\/p><p>This includes many benefits such as a competitive salary, staff rates, referral incentive scheme, social outings, flexible hours, employee assistance programme, career progression opportunities, in house training and development opportunities.\u00a0<\/p><p>We endeavour to provide an enjoyable working environment where team members feel respected and can thrive.<\/p>\t\t\t\t\t\t\t\t<\/div>\n\t\t\t\t<\/div>\n\t\t\t\t<\/div>\n\t\t<div class=\"elementor-element elementor-element-3f47394b e-con-full e-flex e-con e-parent\" data-id=\"3f47394b\" data-element_type=\"container\" data-e-type=\"container\">\n\t\t<div class=\"elementor-element elementor-element-5127444b e-con-full e-flex e-con e-child\" data-id=\"5127444b\" data-element_type=\"container\" data-e-type=\"container\">\n\t\t\t\t<div class=\"elementor-element elementor-element-4e2345a0 elementor-widget elementor-widget-heading\" data-id=\"4e2345a0\" data-element_type=\"widget\" data-e-type=\"widget\" data-widget_type=\"heading.default\">\n\t\t\t\t<div class=\"elementor-widget-container\">\n\t\t\t\t\t<h2 class=\"elementor-heading-title elementor-size-default\">Keep Up And <span style=\"color:var(--e-global-color-secondary)\"> Stay Connected<\/span><\/h2>\t\t\t\t<\/div>\n\t\t\t\t<\/div>\n\t\t\t\t<div class=\"elementor-element elementor-element-f52d131 elementor-widget elementor-widget-heading\" data-id=\"f52d131\" data-element_type=\"widget\" data-e-type=\"widget\" data-widget_type=\"heading.default\">\n\t\t\t\t<div class=\"elementor-widget-container\">\n\t\t\t\t\t<span class=\"elementor-heading-title elementor-size-default\">Sign up to get news and updates from the PREM GROUP Recruitment Team.<\/span>\t\t\t\t<\/div>\n\t\t\t\t<\/div>\n\t\t\t\t<div class=\"elementor-element elementor-element-d449b85 elementor-button-align-start elementor-laptop-button-align-stretch elementor-widget elementor-widget-form\" data-id=\"d449b85\" data-element_type=\"widget\" data-e-type=\"widget\" data-settings=\"{&quot;step_next_label&quot;:&quot;Next&quot;,&quot;step_previous_label&quot;:&quot;Previous&quot;,&quot;button_width&quot;:&quot;100&quot;,&quot;step_type&quot;:&quot;number_text&quot;,&quot;step_icon_shape&quot;:&quot;circle&quot;}\" data-widget_type=\"form.default\">\n\t\t\t\t<div class=\"elementor-widget-container\">\n\t\t\t\t\t\t\t<form class=\"elementor-form\" method=\"post\" name=\"Email Capture\" aria-label=\"Email Capture\">\n\t\t\t<input type=\"hidden\" name=\"post_id\" value=\"1362\"\/>\n\t\t\t<input type=\"hidden\" name=\"form_id\" value=\"d449b85\"\/>\n\t\t\t<input type=\"hidden\" name=\"referer_title\" value=\"Thank You - Careers at PREM Group\" \/>\n\n\t\t\t\t\t\t\t<input type=\"hidden\" name=\"queried_id\" value=\"1362\"\/>\n\t\t\t\n\t\t\t<div class=\"elementor-form-fields-wrapper elementor-labels-above\">\n\t\t\t\t\t\t\t\t<div class=\"elementor-field-type-email elementor-field-group elementor-column elementor-field-group-signup_email_body elementor-col-100 elementor-field-required elementor-mark-required\">\n\t\t\t\t\t\t\t\t\t\t\t\t<label for=\"form-field-signup_email_body\" class=\"elementor-field-label\">\n\t\t\t\t\t\t\t\tEmail\t\t\t\t\t\t\t<\/label>\n\t\t\t\t\t\t\t\t\t\t\t\t\t\t<input size=\"1\" type=\"email\" name=\"form_fields[signup_email_body]\" id=\"form-field-signup_email_body\" class=\"elementor-field elementor-size-sm  elementor-field-textual\" required=\"required\">\n\t\t\t\t\t\t\t\t\t\t\t<\/div>\n\t\t\t\t\t\t\t\t<div class=\"elementor-field-group elementor-column elementor-field-type-submit elementor-col-100 e-form__buttons\">\n\t\t\t\t\t<button class=\"elementor-button elementor-size-sm\" type=\"submit\">\n\t\t\t\t\t\t<span class=\"elementor-button-content-wrapper\">\n\t\t\t\t\t\t\t\t\t\t\t\t\t\t\t\t\t\t\t\t\t\t<span class=\"elementor-button-text\">Sign Up<\/span>\n\t\t\t\t\t\t\t\t\t\t\t\t\t<\/span>\n\t\t\t\t\t<\/button>\n\t\t\t\t<\/div>\n\t\t\t<\/div>\n\t\t<\/form>\n\t\t\t\t\t\t<\/div>\n\t\t\t\t<\/div>\n\t\t\t\t<\/div>\n\t\t<div class=\"elementor-element elementor-element-6d10f2c4 e-con-full e-flex e-con e-child\" data-id=\"6d10f2c4\" data-element_type=\"container\" data-e-type=\"container\">\n\t\t\t\t<div class=\"elementor-element elementor-element-c7edd4f elementor-widget elementor-widget-image\" data-id=\"c7edd4f\" data-element_type=\"widget\" data-e-type=\"widget\" data-widget_type=\"image.default\">\n\t\t\t\t<div class=\"elementor-widget-container\">\n\t\t\t\t\t\t\t\t\t\t\t\t\t\t\t<img fetchpriority=\"high\" decoding=\"async\" width=\"800\" height=\"534\" src=\"https:\/\/www.careers.premgroup.com\/wp-content\/uploads\/2021\/07\/brooke-cagle-uHVRvDr7pg-unsplash-1024x683.jpg\" class=\"attachment-large size-large wp-image-1283\" alt=\"Group of people chatting and using their laptops and smartphones\" srcset=\"https:\/\/www.careers.premgroup.com\/wp-content\/uploads\/2021\/07\/brooke-cagle-uHVRvDr7pg-unsplash-1024x683.jpg 1024w, https:\/\/www.careers.premgroup.com\/wp-content\/uploads\/2021\/07\/brooke-cagle-uHVRvDr7pg-unsplash-300x200.jpg 300w, https:\/\/www.careers.premgroup.com\/wp-content\/uploads\/2021\/07\/brooke-cagle-uHVRvDr7pg-unsplash-768x512.jpg 768w, https:\/\/www.careers.premgroup.com\/wp-content\/uploads\/2021\/07\/brooke-cagle-uHVRvDr7pg-unsplash-1536x1024.jpg 1536w, https:\/\/www.careers.premgroup.com\/wp-content\/uploads\/2021\/07\/brooke-cagle-uHVRvDr7pg-unsplash-scaled.jpg 2048w, https:\/\/www.careers.premgroup.com\/wp-content\/uploads\/2021\/07\/brooke-cagle-uHVRvDr7pg-unsplash-16x12.jpg 16w\" sizes=\"(max-width: 800px) 100vw, 800px\" \/>\t\t\t\t\t\t\t\t\t\t\t\t\t\t\t<\/div>\n\t\t\t\t<\/div>\n\t\t\t\t<\/div>\n\t\t\t\t<\/div>\n\t\t<div class=\"elementor-element elementor-element-1aa2a1d6 e-con-full e-flex e-con e-parent\" data-id=\"1aa2a1d6\" data-element_type=\"container\" data-e-type=\"container\">\n\t\t<div class=\"elementor-element elementor-element-1bb6b57f e-con-full e-flex e-con e-child\" data-id=\"1bb6b57f\" data-element_type=\"container\" data-e-type=\"container\">\n\t\t\t\t<div class=\"elementor-element elementor-element-dc0c222 elementor-widget elementor-widget-image\" data-id=\"dc0c222\" data-element_type=\"widget\" data-e-type=\"widget\" data-widget_type=\"image.default\">\n\t\t\t\t<div class=\"elementor-widget-container\">\n\t\t\t\t\t\t\t\t\t\t\t\t\t\t\t<img decoding=\"async\" width=\"800\" height=\"534\" src=\"https:\/\/www.careers.premgroup.com\/wp-content\/uploads\/2021\/02\/Leopold-Hotel-Ostend-Breakfast-Room-Tables-and-decorated-side-wall-1024x683.jpg\" class=\"attachment-large size-large wp-image-783\" alt=\"Leopold Hotel Ostend Breakfast Room Tables and decorated side wall\" srcset=\"https:\/\/www.careers.premgroup.com\/wp-content\/uploads\/2021\/02\/Leopold-Hotel-Ostend-Breakfast-Room-Tables-and-decorated-side-wall-1024x683.jpg 1024w, https:\/\/www.careers.premgroup.com\/wp-content\/uploads\/2021\/02\/Leopold-Hotel-Ostend-Breakfast-Room-Tables-and-decorated-side-wall-300x200.jpg 300w, https:\/\/www.careers.premgroup.com\/wp-content\/uploads\/2021\/02\/Leopold-Hotel-Ostend-Breakfast-Room-Tables-and-decorated-side-wall-768x512.jpg 768w, https:\/\/www.careers.premgroup.com\/wp-content\/uploads\/2021\/02\/Leopold-Hotel-Ostend-Breakfast-Room-Tables-and-decorated-side-wall-1536x1024.jpg 1536w, https:\/\/www.careers.premgroup.com\/wp-content\/uploads\/2021\/02\/Leopold-Hotel-Ostend-Breakfast-Room-Tables-and-decorated-side-wall-18x12.jpg 18w, https:\/\/www.careers.premgroup.com\/wp-content\/uploads\/2021\/02\/Leopold-Hotel-Ostend-Breakfast-Room-Tables-and-decorated-side-wall.jpg 1920w\" sizes=\"(max-width: 800px) 100vw, 800px\" \/>\t\t\t\t\t\t\t\t\t\t\t\t\t\t\t<\/div>\n\t\t\t\t<\/div>\n\t\t\t\t<\/div>\n\t\t<div class=\"elementor-element elementor-element-74f82e8d e-con-full e-flex e-con e-child\" data-id=\"74f82e8d\" data-element_type=\"container\" data-e-type=\"container\">\n\t\t\t\t<div class=\"elementor-element elementor-element-2e2318c9 elementor-widget elementor-widget-heading\" data-id=\"2e2318c9\" data-element_type=\"widget\" data-e-type=\"widget\" data-widget_type=\"heading.default\">\n\t\t\t\t<div class=\"elementor-widget-container\">\n\t\t\t\t\t<h2 class=\"elementor-heading-title elementor-size-default\">Follow <span style=\"color:var(--e-global-color-secondary)\">Us!<\/span><\/h2>\t\t\t\t<\/div>\n\t\t\t\t<\/div>\n\t\t\t\t<div class=\"elementor-element elementor-element-27fcf91 elementor-widget elementor-widget-text-editor\" data-id=\"27fcf91\" data-element_type=\"widget\" data-e-type=\"widget\" data-widget_type=\"text-editor.default\">\n\t\t\t\t<div class=\"elementor-widget-container\">\n\t\t\t\t\t\t\t\t\t<p>Stay up to date with all things PREM Group via our social media channels. Or visit our PREM Hospitality blog!<\/p>\t\t\t\t\t\t\t\t<\/div>\n\t\t\t\t<\/div>\n\t\t\t\t<div class=\"elementor-element elementor-element-68acea6 elementor-shape-circle e-grid-align-left elementor-grid-0 elementor-widget elementor-widget-social-icons\" data-id=\"68acea6\" data-element_type=\"widget\" data-e-type=\"widget\" data-widget_type=\"social-icons.default\">\n\t\t\t\t<div class=\"elementor-widget-container\">\n\t\t\t\t\t\t\t<div class=\"elementor-social-icons-wrapper elementor-grid\" role=\"list\">\n\t\t\t\t\t\t\t<span class=\"elementor-grid-item\" role=\"listitem\">\n\t\t\t\t\t<a class=\"elementor-icon elementor-social-icon elementor-social-icon-facebook elementor-repeater-item-4d917f9\" href=\"https:\/\/www.facebook.com\/premgroup\/\" target=\"_blank\">\n\t\t\t\t\t\t<span class=\"elementor-screen-only\">Facebook<\/span>\n\t\t\t\t\t\t<svg aria-hidden=\"true\" class=\"e-font-icon-svg e-fab-facebook\" viewBox=\"0 0 512 512\" xmlns=\"http:\/\/www.w3.org\/2000\/svg\"><path d=\"M504 256C504 119 393 8 256 8S8 119 8 256c0 123.78 90.69 226.38 209.25 245V327.69h-63V256h63v-54.64c0-62.15 37-96.48 93.67-96.48 27.14 0 55.52 4.84 55.52 4.84v61h-31.28c-30.8 0-40.41 19.12-40.41 38.73V256h68.78l-11 71.69h-57.78V501C413.31 482.38 504 379.78 504 256z\"><\/path><\/svg>\t\t\t\t\t<\/a>\n\t\t\t\t<\/span>\n\t\t\t\t\t\t\t<span class=\"elementor-grid-item\" role=\"listitem\">\n\t\t\t\t\t<a class=\"elementor-icon elementor-social-icon elementor-social-icon-linkedin elementor-repeater-item-49a05a6\" href=\"https:\/\/www.linkedin.com\/company\/prem-group_817713\/\" target=\"_blank\">\n\t\t\t\t\t\t<span class=\"elementor-screen-only\">Linkedin<\/span>\n\t\t\t\t\t\t<svg aria-hidden=\"true\" class=\"e-font-icon-svg e-fab-linkedin\" viewBox=\"0 0 448 512\" xmlns=\"http:\/\/www.w3.org\/2000\/svg\"><path d=\"M416 32H31.9C14.3 32 0 46.5 0 64.3v383.4C0 465.5 14.3 480 31.9 480H416c17.6 0 32-14.5 32-32.3V64.3c0-17.8-14.4-32.3-32-32.3zM135.4 416H69V202.2h66.5V416zm-33.2-243c-21.3 0-38.5-17.3-38.5-38.5S80.9 96 102.2 96c21.2 0 38.5 17.3 38.5 38.5 0 21.3-17.2 38.5-38.5 38.5zm282.1 243h-66.4V312c0-24.8-.5-56.7-34.5-56.7-34.6 0-39.9 27-39.9 54.9V416h-66.4V202.2h63.7v29.2h.9c8.9-16.8 30.6-34.5 62.9-34.5 67.2 0 79.7 44.3 79.7 101.9V416z\"><\/path><\/svg>\t\t\t\t\t<\/a>\n\t\t\t\t<\/span>\n\t\t\t\t\t<\/div>\n\t\t\t\t\t\t<\/div>\n\t\t\t\t<\/div>\n\t\t\t\t<div class=\"elementor-element elementor-element-a9f169d elementor-widget elementor-widget-button\" data-id=\"a9f169d\" data-element_type=\"widget\" data-e-type=\"widget\" data-widget_type=\"button.default\">\n\t\t\t\t<div class=\"elementor-widget-container\">\n\t\t\t\t\t\t\t\t\t<div class=\"elementor-button-wrapper\">\n\t\t\t\t\t<a class=\"elementor-button elementor-button-link elementor-size-sm\" href=\"https:\/\/www.prem-hospitality.com\/en\/blog\">\n\t\t\t\t\t\t<span class=\"elementor-button-content-wrapper\">\n\t\t\t\t\t\t\t\t\t<span class=\"elementor-button-text\">PREM Hospitality Blog<\/span>\n\t\t\t\t\t<\/span>\n\t\t\t\t\t<\/a>\n\t\t\t\t<\/div>\n\t\t\t\t\t\t\t\t<\/div>\n\t\t\t\t<\/div>\n\t\t\t\t<\/div>\n\t\t\t\t<\/div>\n\t\t\t\t<\/div>\n\t\t","protected":false},"excerpt":{"rendered":"<p>Thank You! Thank You For Your Application! We Are Looking Forward To Meeting You Thank you for applying to one of our job vacancies. We look forward to speaking to you soon. Working At PREM Group, we strive to create the ideal work environment for our staff. This includes many benefits such as a competitive [&hellip;]<\/p>\n","protected":false},"author":2,"featured_media":0,"parent":0,"menu_order":0,"comment_status":"closed","ping_status":"closed","template":"","meta":{"_acf_changed":false,"footnotes":""},"class_list":["post-1362","page","type-page","status-publish","hentry"],"acf":[],"yoast_head":"<!-- This site is optimized with the Yoast SEO plugin v27.4 - https:\/\/yoast.com\/product\/yoast-seo-wordpress\/ -->\n<title>Thank You - Careers at PREM Group<\/title>\n<meta name=\"description\" content=\"Thank you for applying to one of our job vacancies. We look forward to speaking to you soon.\" \/>\n<meta name=\"robots\" content=\"index, follow, max-snippet:-1, max-image-preview:large, max-video-preview:-1\" \/>\n<link rel=\"canonical\" href=\"https:\/\/www.careers.premgroup.com\/fr\/merci-de-votre-candidature\/\" \/>\n<meta property=\"og:locale\" content=\"fr_FR\" \/>\n<meta property=\"og:type\" content=\"article\" \/>\n<meta property=\"og:title\" content=\"Thank You - Careers at PREM Group\" \/>\n<meta property=\"og:description\" content=\"Thank you for applying to one of our job vacancies. We look forward to speaking to you soon.\" \/>\n<meta property=\"og:url\" content=\"https:\/\/www.careers.premgroup.com\/fr\/merci-de-votre-candidature\/\" \/>\n<meta property=\"og:site_name\" content=\"Careers at PREM Group\" \/>\n<meta property=\"article:modified_time\" content=\"2025-12-08T15:39:03+00:00\" \/>\n<meta property=\"og:image\" content=\"https:\/\/www.careers.premgroup.com\/wp-content\/uploads\/2021\/07\/brooke-cagle-uHVRvDr7pg-unsplash-scaled.jpg\" \/>\n\t<meta property=\"og:image:width\" content=\"2048\" \/>\n\t<meta property=\"og:image:height\" content=\"1366\" \/>\n\t<meta property=\"og:image:type\" content=\"image\/jpeg\" \/>\n<meta name=\"twitter:card\" content=\"summary_large_image\" \/>\n<meta name=\"twitter:label1\" content=\"Dur\u00e9e de lecture est.\" \/>\n\t<meta name=\"twitter:data1\" content=\"2 minutes\" \/>\n<script type=\"application\/ld+json\" class=\"yoast-schema-graph\">{\"@context\":\"https:\\\/\\\/schema.org\",\"@graph\":[{\"@type\":\"WebPage\",\"@id\":\"https:\\\/\\\/www.careers.premgroup.com\\\/thank-you-for-applying\",\"url\":\"https:\\\/\\\/www.careers.premgroup.com\\\/thank-you-for-applying\",\"name\":\"Thank You - Careers at PREM Group\",\"isPartOf\":{\"@id\":\"https:\\\/\\\/www.careers.premgroup.com\\\/#website\"},\"primaryImageOfPage\":{\"@id\":\"https:\\\/\\\/www.careers.premgroup.com\\\/thank-you-for-applying#primaryimage\"},\"image\":{\"@id\":\"https:\\\/\\\/www.careers.premgroup.com\\\/thank-you-for-applying#primaryimage\"},\"thumbnailUrl\":\"https:\\\/\\\/www.careers.premgroup.com\\\/wp-content\\\/uploads\\\/2021\\\/07\\\/brooke-cagle-uHVRvDr7pg-unsplash-1024x683.jpg\",\"datePublished\":\"2021-10-28T11:28:51+00:00\",\"dateModified\":\"2025-12-08T15:39:03+00:00\",\"description\":\"Thank you for applying to one of our job vacancies. We look forward to speaking to you soon.\",\"breadcrumb\":{\"@id\":\"https:\\\/\\\/www.careers.premgroup.com\\\/thank-you-for-applying#breadcrumb\"},\"inLanguage\":\"fr-BE\",\"potentialAction\":[{\"@type\":\"ReadAction\",\"target\":[\"https:\\\/\\\/www.careers.premgroup.com\\\/thank-you-for-applying\"]}]},{\"@type\":\"ImageObject\",\"inLanguage\":\"fr-BE\",\"@id\":\"https:\\\/\\\/www.careers.premgroup.com\\\/thank-you-for-applying#primaryimage\",\"url\":\"https:\\\/\\\/www.careers.premgroup.com\\\/wp-content\\\/uploads\\\/2021\\\/07\\\/brooke-cagle-uHVRvDr7pg-unsplash-1024x683.jpg\",\"contentUrl\":\"https:\\\/\\\/www.careers.premgroup.com\\\/wp-content\\\/uploads\\\/2021\\\/07\\\/brooke-cagle-uHVRvDr7pg-unsplash-1024x683.jpg\"},{\"@type\":\"BreadcrumbList\",\"@id\":\"https:\\\/\\\/www.careers.premgroup.com\\\/thank-you-for-applying#breadcrumb\",\"itemListElement\":[{\"@type\":\"ListItem\",\"position\":1,\"name\":\"Home\",\"item\":\"https:\\\/\\\/www.careers.premgroup.com\\\/\"},{\"@type\":\"ListItem\",\"position\":2,\"name\":\"Thank You\"}]},{\"@type\":\"WebSite\",\"@id\":\"https:\\\/\\\/www.careers.premgroup.com\\\/#website\",\"url\":\"https:\\\/\\\/www.careers.premgroup.com\\\/\",\"name\":\"Careers at PREM Group\",\"description\":\"Progress with PREM\",\"publisher\":{\"@id\":\"https:\\\/\\\/www.careers.premgroup.com\\\/#organization\"},\"potentialAction\":[{\"@type\":\"SearchAction\",\"target\":{\"@type\":\"EntryPoint\",\"urlTemplate\":\"https:\\\/\\\/www.careers.premgroup.com\\\/?s={search_term_string}\"},\"query-input\":{\"@type\":\"PropertyValueSpecification\",\"valueRequired\":true,\"valueName\":\"search_term_string\"}}],\"inLanguage\":\"fr-BE\"},{\"@type\":\"Organization\",\"@id\":\"https:\\\/\\\/www.careers.premgroup.com\\\/#organization\",\"name\":\"Careers at PREM Group\",\"url\":\"https:\\\/\\\/www.careers.premgroup.com\\\/\",\"logo\":{\"@type\":\"ImageObject\",\"inLanguage\":\"fr-BE\",\"@id\":\"https:\\\/\\\/www.careers.premgroup.com\\\/#\\\/schema\\\/logo\\\/image\\\/\",\"url\":\"https:\\\/\\\/www.careers.premgroup.com\\\/wp-content\\\/uploads\\\/2020\\\/05\\\/PREM-Group-logo_Landscape.png\",\"contentUrl\":\"https:\\\/\\\/www.careers.premgroup.com\\\/wp-content\\\/uploads\\\/2020\\\/05\\\/PREM-Group-logo_Landscape.png\",\"width\":1918,\"height\":649,\"caption\":\"Careers at PREM Group\"},\"image\":{\"@id\":\"https:\\\/\\\/www.careers.premgroup.com\\\/#\\\/schema\\\/logo\\\/image\\\/\"}}]}<\/script>\n<!-- \/ Yoast SEO plugin. -->","yoast_head_json":{"title":"Merci - Carri\u00e8res au Groupe PREM","description":"Nous vous remercions d'avoir postul\u00e9 \u00e0 l'un de nos postes vacants. Nous esp\u00e9rons avoir le plaisir de vous parler bient\u00f4t.","robots":{"index":"index","follow":"follow","max-snippet":"max-snippet:-1","max-image-preview":"max-image-preview:large","max-video-preview":"max-video-preview:-1"},"canonical":"https:\/\/www.careers.premgroup.com\/fr\/merci-de-votre-candidature\/","og_locale":"fr_FR","og_type":"article","og_title":"Thank You - Careers at PREM Group","og_description":"Thank you for applying to one of our job vacancies. We look forward to speaking to you soon.","og_url":"https:\/\/www.careers.premgroup.com\/fr\/merci-de-votre-candidature\/","og_site_name":"Careers at PREM Group","article_modified_time":"2025-12-08T15:39:03+00:00","og_image":[{"width":2048,"height":1366,"url":"https:\/\/www.careers.premgroup.com\/wp-content\/uploads\/2021\/07\/brooke-cagle-uHVRvDr7pg-unsplash-scaled.jpg","type":"image\/jpeg"}],"twitter_card":"summary_large_image","twitter_misc":{"Dur\u00e9e de lecture est.":"2 minutes"},"schema":{"@context":"https:\/\/schema.org","@graph":[{"@type":"WebPage","@id":"https:\/\/www.careers.premgroup.com\/thank-you-for-applying","url":"https:\/\/www.careers.premgroup.com\/thank-you-for-applying","name":"Merci - Carri\u00e8res au Groupe PREM","isPartOf":{"@id":"https:\/\/www.careers.premgroup.com\/#website"},"primaryImageOfPage":{"@id":"https:\/\/www.careers.premgroup.com\/thank-you-for-applying#primaryimage"},"image":{"@id":"https:\/\/www.careers.premgroup.com\/thank-you-for-applying#primaryimage"},"thumbnailUrl":"https:\/\/www.careers.premgroup.com\/wp-content\/uploads\/2021\/07\/brooke-cagle-uHVRvDr7pg-unsplash-1024x683.jpg","datePublished":"2021-10-28T11:28:51+00:00","dateModified":"2025-12-08T15:39:03+00:00","description":"Nous vous remercions d'avoir postul\u00e9 \u00e0 l'un de nos postes vacants. Nous esp\u00e9rons avoir le plaisir de vous parler bient\u00f4t.","breadcrumb":{"@id":"https:\/\/www.careers.premgroup.com\/thank-you-for-applying#breadcrumb"},"inLanguage":"fr-BE","potentialAction":[{"@type":"ReadAction","target":["https:\/\/www.careers.premgroup.com\/thank-you-for-applying"]}]},{"@type":"ImageObject","inLanguage":"fr-BE","@id":"https:\/\/www.careers.premgroup.com\/thank-you-for-applying#primaryimage","url":"https:\/\/www.careers.premgroup.com\/wp-content\/uploads\/2021\/07\/brooke-cagle-uHVRvDr7pg-unsplash-1024x683.jpg","contentUrl":"https:\/\/www.careers.premgroup.com\/wp-content\/uploads\/2021\/07\/brooke-cagle-uHVRvDr7pg-unsplash-1024x683.jpg"},{"@type":"BreadcrumbList","@id":"https:\/\/www.careers.premgroup.com\/thank-you-for-applying#breadcrumb","itemListElement":[{"@type":"ListItem","position":1,"name":"Home","item":"https:\/\/www.careers.premgroup.com\/"},{"@type":"ListItem","position":2,"name":"Thank You"}]},{"@type":"WebSite","@id":"https:\/\/www.careers.premgroup.com\/#website","url":"https:\/\/www.careers.premgroup.com\/","name":"Carri\u00e8res au Groupe PREM","description":"Progr\u00e8s du PREM","publisher":{"@id":"https:\/\/www.careers.premgroup.com\/#organization"},"potentialAction":[{"@type":"SearchAction","target":{"@type":"EntryPoint","urlTemplate":"https:\/\/www.careers.premgroup.com\/?s={search_term_string}"},"query-input":{"@type":"PropertyValueSpecification","valueRequired":true,"valueName":"search_term_string"}}],"inLanguage":"fr-BE"},{"@type":"Organization","@id":"https:\/\/www.careers.premgroup.com\/#organization","name":"Carri\u00e8res au Groupe PREM","url":"https:\/\/www.careers.premgroup.com\/","logo":{"@type":"ImageObject","inLanguage":"fr-BE","@id":"https:\/\/www.careers.premgroup.com\/#\/schema\/logo\/image\/","url":"https:\/\/www.careers.premgroup.com\/wp-content\/uploads\/2020\/05\/PREM-Group-logo_Landscape.png","contentUrl":"https:\/\/www.careers.premgroup.com\/wp-content\/uploads\/2020\/05\/PREM-Group-logo_Landscape.png","width":1918,"height":649,"caption":"Careers at PREM Group"},"image":{"@id":"https:\/\/www.careers.premgroup.com\/#\/schema\/logo\/image\/"}}]}},"_links":{"self":[{"href":"https:\/\/www.careers.premgroup.com\/fr\/wp-json\/wp\/v2\/pages\/1362","targetHints":{"allow":["GET"]}}],"collection":[{"href":"https:\/\/www.careers.premgroup.com\/fr\/wp-json\/wp\/v2\/pages"}],"about":[{"href":"https:\/\/www.careers.premgroup.com\/fr\/wp-json\/wp\/v2\/types\/page"}],"author":[{"embeddable":true,"href":"https:\/\/www.careers.premgroup.com\/fr\/wp-json\/wp\/v2\/users\/2"}],"replies":[{"embeddable":true,"href":"https:\/\/www.careers.premgroup.com\/fr\/wp-json\/wp\/v2\/comments?post=1362"}],"version-history":[{"count":0,"href":"https:\/\/www.careers.premgroup.com\/fr\/wp-json\/wp\/v2\/pages\/1362\/revisions"}],"wp:attachment":[{"href":"https:\/\/www.careers.premgroup.com\/fr\/wp-json\/wp\/v2\/media?parent=1362"}],"curies":[{"name":"wp","href":"https:\/\/api.w.org\/{rel}","templated":true}]}}